{"id":1281,"date":"2026-03-01T06:58:01","date_gmt":"2026-03-01T11:58:01","guid":{"rendered":"https:\/\/www.cliniquedentaireconfident.com\/?page_id=1281"},"modified":"2026-03-02T12:08:27","modified_gmt":"2026-03-02T17:08:27","slug":"regime-canadien-de-soins-dentaires","status":"publish","type":"page","link":"https:\/\/www.cliniquedentaireconfident.com\/fr\/regime-canadien-de-soins-dentaires\/","title":{"rendered":"R\u00e9gime Canadien de Soins Dentaires"},"content":{"rendered":"<p><div class=\"fusion-fullwidth fullwidth-box fusion-builder-row-1 fusion-flex-container has-pattern-background has-mask-background nonhundred-percent-fullwidth non-hundred-percent-height-scrolling fusion-animated\" style=\"--awb-border-radius-top-left:0px;--awb-border-radius-top-right:0px;--awb-border-radius-bottom-right:0px;--awb-border-radius-bottom-left:0px;--awb-padding-top:40px;--awb-padding-bottom:40px;--awb-flex-wrap:wrap;\" data-animationType=\"fadeInUp\" data-animationDuration=\"0.3\" data-animationOffset=\"top-into-view\" ><div class=\"fusion-builder-row fusion-row fusion-flex-align-items-center fusion-flex-justify-content-center fusion-flex-content-wrap\" style=\"max-width:1216.8px;margin-left: calc(-4% \/ 2 );margin-right: calc(-4% \/ 2 );\"><div class=\"fusion-layout-column fusion_builder_column fusion-builder-column-0 fusion_builder_column_1_1 1_1 fusion-flex-column\" style=\"--awb-bg-size:cover;--awb-width-large:100%;--awb-margin-top-large:0px;--awb-spacing-right-large:1.92%;--awb-margin-bottom-large:0px;--awb-spacing-left-large:1.92%;--awb-width-medium:100%;--awb-spacing-right-medium:1.92%;--awb-spacing-left-medium:1.92%;--awb-width-small:100%;--awb-spacing-right-small:1.92%;--awb-spacing-left-small:1.92%;\"><div class=\"fusion-column-wrapper fusion-flex-justify-content-flex-start fusion-content-layout-column\"><div class=\"fusion-text fusion-text-1\"><h2 style=\"font-size: 40px;\">R\u00e9gime Canadien de Soins Dentaires<\/h2>\n<p><span style=\"font-weight: 400;\">Nous sommes fiers d&rsquo;accepter les patients couverts par le R\u00e9gime canadien de soins dentaires (RCSD).<\/span><br \/>\n<span style=\"font-weight: 400;\"><strong>Qu&rsquo;est-ce que le R\u00e9gime canadien de soins dentaires ?<\/strong><\/span><\/p>\n<ul>\n<li style=\"font-weight: 400;\" aria-level=\"1\"><span style=\"font-weight: 400;\">Programme dentaire du gouvernement f\u00e9d\u00e9ral<\/span><\/li>\n<li style=\"font-weight: 400;\" aria-level=\"1\"><span style=\"font-weight: 400;\">Aide les Canadiens admissibles \u00e0 acc\u00e9der aux soins dentaires<\/span><\/li>\n<li style=\"font-weight: 400;\" aria-level=\"1\"><span style=\"font-weight: 400;\">La couverture d\u00e9pend du revenu et de l&rsquo;admissibilit\u00e9<\/span><\/li>\n<\/ul>\n<p><span style=\"font-weight: 400;\">Le R\u00e9gime canadien de soins dentaires (RCSD) contribue \u00e0 payer une partie des co\u00fbts d&rsquo;une vaste gamme de services de soins buccaux. De nombreux services sont couverts sans autorisation pr\u00e9alable, tandis que d&rsquo;autres en requi\u00e8rent une.<\/span><\/p>\n<\/div><\/div><\/div><\/div><\/div><div class=\"fusion-fullwidth fullwidth-box fusion-builder-row-2 fusion-flex-container has-pattern-background has-mask-background nonhundred-percent-fullwidth non-hundred-percent-height-scrolling fusion-animated\" style=\"--awb-border-radius-top-left:0px;--awb-border-radius-top-right:0px;--awb-border-radius-bottom-right:0px;--awb-border-radius-bottom-left:0px;--awb-padding-top:40px;--awb-padding-bottom:40px;--awb-background-color:#f5f5f5;--awb-flex-wrap:wrap;\" data-animationType=\"fadeInUp\" data-animationDuration=\"0.3\" data-animationOffset=\"top-into-view\" ><div class=\"fusion-builder-row fusion-row fusion-flex-align-items-center fusion-flex-justify-content-center fusion-flex-content-wrap\" style=\"max-width:1216.8px;margin-left: calc(-4% \/ 2 );margin-right: calc(-4% \/ 2 );\"><div class=\"fusion-layout-column fusion_builder_column fusion-builder-column-1 fusion_builder_column_1_1 1_1 fusion-flex-column\" style=\"--awb-bg-size:cover;--awb-width-large:100%;--awb-margin-top-large:0px;--awb-spacing-right-large:1.92%;--awb-margin-bottom-large:0px;--awb-spacing-left-large:1.92%;--awb-width-medium:100%;--awb-spacing-right-medium:1.92%;--awb-spacing-left-medium:1.92%;--awb-width-small:100%;--awb-spacing-right-small:1.92%;--awb-spacing-left-small:1.92%;\"><div class=\"fusion-column-wrapper fusion-flex-justify-content-flex-start fusion-content-layout-column\"><div class=\"fusion-text fusion-text-2\"><p><strong>Exemples de services pouvant \u00eatre couverts par le RCSD:<\/strong><\/p>\n<ul>\n<li style=\"font-weight: 400;\" aria-level=\"1\"><span style=\"font-weight: 400;\">Examens<\/span><\/li>\n<li style=\"font-weight: 400;\" aria-level=\"1\"><span style=\"font-weight: 400;\">Nettoyages<\/span><\/li>\n<li style=\"font-weight: 400;\" aria-level=\"1\"><span style=\"font-weight: 400;\">Radiographies<\/span><\/li>\n<li style=\"font-weight: 400;\" aria-level=\"1\"><span style=\"font-weight: 400;\">Obturations<\/span><\/li>\n<li style=\"font-weight: 400;\" aria-level=\"1\"><span style=\"font-weight: 400;\">Extractions<\/span><\/li>\n<li style=\"font-weight: 400;\" aria-level=\"1\"><span style=\"font-weight: 400;\">Traitements de canal<\/span><\/li>\n<li style=\"font-weight: 400;\" aria-level=\"1\"><span style=\"font-weight: 400;\">Couronnes (autorisation pr\u00e9alable requise)<\/span><\/li>\n<li style=\"font-weight: 400;\" aria-level=\"1\"><span style=\"font-weight: 400;\">Nettoyage en profondeur (autorisation pr\u00e9alable requise)<\/span><\/li>\n<\/ul>\n<p><span style=\"font-weight: 400;\">Pour conna\u00eetre tous les crit\u00e8res d\u2019admissibilit\u00e9 et la liste compl\u00e8te des services offerts, veuillez consulter le site Web officiel du gouvernement du Canada :<\/span><\/p>\n<p><a href=\"https:\/\/www.canada.ca\/fr\/services\/prestations\/dentaire\/regime-soins-dentaires\/admissibilite.html\" target=\"_blank\" rel=\"noopener\"><span style=\"font-weight: 400;\">https:\/\/www.canada.ca\/fr\/services\/prestations\/dentaire\/regime-soins-dentaires\/admissibilite.html<\/span><\/a><\/p>\n<p><span style=\"font-weight: 400;\">Appelez-nous d\u00e8s aujourd\u2019hui pour en savoir plus sur votre couverture du RCSD et pour prendre rendez-vous : <a href=\"tel:5144192909\"><strong>(514) 419-2909<\/strong><\/a><\/span><\/p>\n<p><span style=\"font-weight: 400;\">Nous parlons anglais, fran\u00e7ais, chinois et arabe afin que nos patients puissent communiquer dans la langue de leur choix.<\/span><\/p>\n<\/div><\/div><\/div><\/div><\/div><div class=\"fusion-fullwidth fullwidth-box fusion-builder-row-3 fusion-flex-container has-pattern-background has-mask-background nonhundred-percent-fullwidth non-hundred-percent-height-scrolling\" style=\"--awb-border-radius-top-left:0px;--awb-border-radius-top-right:0px;--awb-border-radius-bottom-right:0px;--awb-border-radius-bottom-left:0px;--awb-margin-top:45px;--awb-flex-wrap:wrap;\" ><div class=\"fusion-builder-row fusion-row fusion-flex-align-items-flex-start fusion-flex-content-wrap\" style=\"max-width:1216.8px;margin-left: calc(-4% \/ 2 );margin-right: calc(-4% \/ 2 );\"><div class=\"fusion-layout-column fusion_builder_column fusion-builder-column-2 fusion_builder_column_1_1 1_1 fusion-flex-column\" style=\"--awb-bg-size:cover;--awb-width-large:100%;--awb-margin-top-large:0px;--awb-spacing-right-large:1.92%;--awb-margin-bottom-large:0px;--awb-spacing-left-large:1.92%;--awb-width-medium:100%;--awb-order-medium:0;--awb-spacing-right-medium:1.92%;--awb-spacing-left-medium:1.92%;--awb-width-small:100%;--awb-order-small:0;--awb-spacing-right-small:1.92%;--awb-spacing-left-small:1.92%;\" data-motion-effects=\"[{&quot;type&quot;:&quot;&quot;,&quot;scroll_type&quot;:&quot;transition&quot;,&quot;scroll_direction&quot;:&quot;up&quot;,&quot;transition_speed&quot;:&quot;1&quot;,&quot;fade_type&quot;:&quot;in&quot;,&quot;scale_type&quot;:&quot;up&quot;,&quot;initial_scale&quot;:&quot;1&quot;,&quot;max_scale&quot;:&quot;1.5&quot;,&quot;min_scale&quot;:&quot;0.5&quot;,&quot;initial_rotate&quot;:&quot;0&quot;,&quot;end_rotate&quot;:&quot;30&quot;,&quot;initial_blur&quot;:&quot;0&quot;,&quot;end_blur&quot;:&quot;3&quot;,&quot;start_element&quot;:&quot;top&quot;,&quot;start_viewport&quot;:&quot;bottom&quot;,&quot;end_element&quot;:&quot;bottom&quot;,&quot;end_viewport&quot;:&quot;top&quot;,&quot;mouse_effect&quot;:&quot;track&quot;,&quot;mouse_effect_direction&quot;:&quot;opposite&quot;,&quot;mouse_effect_speed&quot;:&quot;2&quot;,&quot;infinite_animation&quot;:&quot;float&quot;,&quot;infinite_animation_speed&quot;:&quot;2&quot;}]\" data-scroll-devices=\"small-visibility,medium-visibility,large-visibility\"><div class=\"fusion-column-wrapper fusion-column-has-shadow fusion-flex-justify-content-flex-start fusion-content-layout-column\"><div style=\"text-align:center;\"><a class=\"fusion-button button-flat fusion-button-default-size button-default fusion-button-default button-1 fusion-button-default-span fusion-button-default-type homebook\" style=\"--button_margin-bottom:0px;\" target=\"_self\" href=\"https:\/\/www.cliniquedentaireconfident.com\/fr\/rendez-vous\/\"><span class=\"fusion-button-text\">Prendre un rendez-vous<\/span><\/a><\/div><\/div><\/div><\/div><\/div><\/p>\n","protected":false},"excerpt":{"rendered":"","protected":false},"author":6,"featured_media":0,"parent":0,"menu_order":0,"comment_status":"closed","ping_status":"closed","template":"100-width.php","meta":{"footnotes":""},"class_list":["post-1281","page","type-page","status-publish","hentry"],"yoast_head":"<!-- This site is optimized with the Yoast SEO plugin v27.3 - https:\/\/yoast.com\/product\/yoast-seo-wordpress\/ -->\n<title>Co\u00fbt des traitements dentaires \u2013 Clinique Dentaire Confident<\/title>\n<meta name=\"description\" content=\"D\u00e9couvrez des options de traitements dentaires abordables \u00e0 la Clinique Dentaire Confident, avec des prix transparents pour tous les services.\" \/>\n<meta name=\"robots\" content=\"index, follow, max-snippet:-1, max-image-preview:large, max-video-preview:-1\" \/>\n<link rel=\"canonical\" href=\"https:\/\/www.cliniquedentaireconfident.com\/fr\/regime-canadien-de-soins-dentaires\/\" \/>\n<meta property=\"og:locale\" content=\"fr_FR\" \/>\n<meta property=\"og:type\" content=\"article\" \/>\n<meta property=\"og:title\" content=\"Co\u00fbt des traitements dentaires \u2013 Clinique Dentaire Confident\" \/>\n<meta property=\"og:description\" content=\"D\u00e9couvrez des options de traitements dentaires abordables \u00e0 la Clinique Dentaire Confident, avec des prix transparents pour tous les services.\" \/>\n<meta property=\"og:url\" content=\"https:\/\/www.cliniquedentaireconfident.com\/fr\/regime-canadien-de-soins-dentaires\/\" \/>\n<meta property=\"og:site_name\" content=\"Clinique Dentaire Confident\" \/>\n<meta property=\"article:publisher\" content=\"https:\/\/www.facebook.com\/profile.php?id=61551934724638\" \/>\n<meta property=\"article:modified_time\" content=\"2026-03-02T17:08:27+00:00\" \/>\n<meta name=\"twitter:card\" content=\"summary_large_image\" \/>\n<meta name=\"twitter:label1\" content=\"Dur\u00e9e de lecture estim\u00e9e\" \/>\n\t<meta name=\"twitter:data1\" content=\"1 minute\" \/>\n<script type=\"application\/ld+json\" class=\"yoast-schema-graph\">{\"@context\":\"https:\\\/\\\/schema.org\",\"@graph\":[{\"@type\":\"WebPage\",\"@id\":\"https:\\\/\\\/www.cliniquedentaireconfident.com\\\/fr\\\/regime-canadien-de-soins-dentaires\\\/\",\"url\":\"https:\\\/\\\/www.cliniquedentaireconfident.com\\\/fr\\\/regime-canadien-de-soins-dentaires\\\/\",\"name\":\"Co\u00fbt des traitements dentaires \u2013 Clinique Dentaire Confident\",\"isPartOf\":{\"@id\":\"https:\\\/\\\/www.cliniquedentaireconfident.com\\\/#website\"},\"datePublished\":\"2026-03-01T11:58:01+00:00\",\"dateModified\":\"2026-03-02T17:08:27+00:00\",\"description\":\"D\u00e9couvrez des options de traitements dentaires abordables \u00e0 la Clinique Dentaire Confident, avec des prix transparents pour tous les services.\",\"breadcrumb\":{\"@id\":\"https:\\\/\\\/www.cliniquedentaireconfident.com\\\/fr\\\/regime-canadien-de-soins-dentaires\\\/#breadcrumb\"},\"inLanguage\":\"fr-FR\",\"potentialAction\":[{\"@type\":\"ReadAction\",\"target\":[\"https:\\\/\\\/www.cliniquedentaireconfident.com\\\/fr\\\/regime-canadien-de-soins-dentaires\\\/\"]}]},{\"@type\":\"BreadcrumbList\",\"@id\":\"https:\\\/\\\/www.cliniquedentaireconfident.com\\\/fr\\\/regime-canadien-de-soins-dentaires\\\/#breadcrumb\",\"itemListElement\":[{\"@type\":\"ListItem\",\"position\":1,\"name\":\"Home\",\"item\":\"https:\\\/\\\/www.cliniquedentaireconfident.com\\\/fr\\\/\"},{\"@type\":\"ListItem\",\"position\":2,\"name\":\"R\u00e9gime Canadien de Soins Dentaires\"}]},{\"@type\":\"WebSite\",\"@id\":\"https:\\\/\\\/www.cliniquedentaireconfident.com\\\/#website\",\"url\":\"https:\\\/\\\/www.cliniquedentaireconfident.com\\\/\",\"name\":\"Clinique Dentaire Confident\",\"description\":\"\",\"publisher\":{\"@id\":\"https:\\\/\\\/www.cliniquedentaireconfident.com\\\/#organization\"},\"potentialAction\":[{\"@type\":\"SearchAction\",\"target\":{\"@type\":\"EntryPoint\",\"urlTemplate\":\"https:\\\/\\\/www.cliniquedentaireconfident.com\\\/?s={search_term_string}\"},\"query-input\":{\"@type\":\"PropertyValueSpecification\",\"valueRequired\":true,\"valueName\":\"search_term_string\"}}],\"inLanguage\":\"fr-FR\"},{\"@type\":\"Organization\",\"@id\":\"https:\\\/\\\/www.cliniquedentaireconfident.com\\\/#organization\",\"name\":\"Clinique Dentaire Confident\",\"url\":\"https:\\\/\\\/www.cliniquedentaireconfident.com\\\/\",\"logo\":{\"@type\":\"ImageObject\",\"inLanguage\":\"fr-FR\",\"@id\":\"https:\\\/\\\/www.cliniquedentaireconfident.com\\\/#\\\/schema\\\/logo\\\/image\\\/\",\"url\":\"https:\\\/\\\/www.cliniquedentaireconfident.com\\\/wp-content\\\/uploads\\\/2025\\\/02\\\/ConfiDent_Dental.svg\",\"contentUrl\":\"https:\\\/\\\/www.cliniquedentaireconfident.com\\\/wp-content\\\/uploads\\\/2025\\\/02\\\/ConfiDent_Dental.svg\",\"width\":839,\"height\":509,\"caption\":\"Clinique Dentaire Confident\"},\"image\":{\"@id\":\"https:\\\/\\\/www.cliniquedentaireconfident.com\\\/#\\\/schema\\\/logo\\\/image\\\/\"},\"sameAs\":[\"https:\\\/\\\/www.facebook.com\\\/profile.php?id=61551934724638\"]}]}<\/script>\n<!-- \/ Yoast SEO plugin. -->","yoast_head_json":{"title":"Co\u00fbt des traitements dentaires \u2013 Clinique Dentaire Confident","description":"D\u00e9couvrez des options de traitements dentaires abordables \u00e0 la Clinique Dentaire Confident, avec des prix transparents pour tous les services.","robots":{"index":"index","follow":"follow","max-snippet":"max-snippet:-1","max-image-preview":"max-image-preview:large","max-video-preview":"max-video-preview:-1"},"canonical":"https:\/\/www.cliniquedentaireconfident.com\/fr\/regime-canadien-de-soins-dentaires\/","og_locale":"fr_FR","og_type":"article","og_title":"Co\u00fbt des traitements dentaires \u2013 Clinique Dentaire Confident","og_description":"D\u00e9couvrez des options de traitements dentaires abordables \u00e0 la Clinique Dentaire Confident, avec des prix transparents pour tous les services.","og_url":"https:\/\/www.cliniquedentaireconfident.com\/fr\/regime-canadien-de-soins-dentaires\/","og_site_name":"Clinique Dentaire Confident","article_publisher":"https:\/\/www.facebook.com\/profile.php?id=61551934724638","article_modified_time":"2026-03-02T17:08:27+00:00","twitter_card":"summary_large_image","twitter_misc":{"Dur\u00e9e de lecture estim\u00e9e":"1 minute"},"schema":{"@context":"https:\/\/schema.org","@graph":[{"@type":"WebPage","@id":"https:\/\/www.cliniquedentaireconfident.com\/fr\/regime-canadien-de-soins-dentaires\/","url":"https:\/\/www.cliniquedentaireconfident.com\/fr\/regime-canadien-de-soins-dentaires\/","name":"Co\u00fbt des traitements dentaires \u2013 Clinique Dentaire Confident","isPartOf":{"@id":"https:\/\/www.cliniquedentaireconfident.com\/#website"},"datePublished":"2026-03-01T11:58:01+00:00","dateModified":"2026-03-02T17:08:27+00:00","description":"D\u00e9couvrez des options de traitements dentaires abordables \u00e0 la Clinique Dentaire Confident, avec des prix transparents pour tous les services.","breadcrumb":{"@id":"https:\/\/www.cliniquedentaireconfident.com\/fr\/regime-canadien-de-soins-dentaires\/#breadcrumb"},"inLanguage":"fr-FR","potentialAction":[{"@type":"ReadAction","target":["https:\/\/www.cliniquedentaireconfident.com\/fr\/regime-canadien-de-soins-dentaires\/"]}]},{"@type":"BreadcrumbList","@id":"https:\/\/www.cliniquedentaireconfident.com\/fr\/regime-canadien-de-soins-dentaires\/#breadcrumb","itemListElement":[{"@type":"ListItem","position":1,"name":"Home","item":"https:\/\/www.cliniquedentaireconfident.com\/fr\/"},{"@type":"ListItem","position":2,"name":"R\u00e9gime Canadien de Soins Dentaires"}]},{"@type":"WebSite","@id":"https:\/\/www.cliniquedentaireconfident.com\/#website","url":"https:\/\/www.cliniquedentaireconfident.com\/","name":"Clinique Dentaire Confident","description":"","publisher":{"@id":"https:\/\/www.cliniquedentaireconfident.com\/#organization"},"potentialAction":[{"@type":"SearchAction","target":{"@type":"EntryPoint","urlTemplate":"https:\/\/www.cliniquedentaireconfident.com\/?s={search_term_string}"},"query-input":{"@type":"PropertyValueSpecification","valueRequired":true,"valueName":"search_term_string"}}],"inLanguage":"fr-FR"},{"@type":"Organization","@id":"https:\/\/www.cliniquedentaireconfident.com\/#organization","name":"Clinique Dentaire Confident","url":"https:\/\/www.cliniquedentaireconfident.com\/","logo":{"@type":"ImageObject","inLanguage":"fr-FR","@id":"https:\/\/www.cliniquedentaireconfident.com\/#\/schema\/logo\/image\/","url":"https:\/\/www.cliniquedentaireconfident.com\/wp-content\/uploads\/2025\/02\/ConfiDent_Dental.svg","contentUrl":"https:\/\/www.cliniquedentaireconfident.com\/wp-content\/uploads\/2025\/02\/ConfiDent_Dental.svg","width":839,"height":509,"caption":"Clinique Dentaire Confident"},"image":{"@id":"https:\/\/www.cliniquedentaireconfident.com\/#\/schema\/logo\/image\/"},"sameAs":["https:\/\/www.facebook.com\/profile.php?id=61551934724638"]}]}},"_links":{"self":[{"href":"https:\/\/www.cliniquedentaireconfident.com\/fr\/wp-json\/wp\/v2\/pages\/1281","targetHints":{"allow":["GET"]}}],"collection":[{"href":"https:\/\/www.cliniquedentaireconfident.com\/fr\/wp-json\/wp\/v2\/pages"}],"about":[{"href":"https:\/\/www.cliniquedentaireconfident.com\/fr\/wp-json\/wp\/v2\/types\/page"}],"author":[{"embeddable":true,"href":"https:\/\/www.cliniquedentaireconfident.com\/fr\/wp-json\/wp\/v2\/users\/6"}],"replies":[{"embeddable":true,"href":"https:\/\/www.cliniquedentaireconfident.com\/fr\/wp-json\/wp\/v2\/comments?post=1281"}],"version-history":[{"count":0,"href":"https:\/\/www.cliniquedentaireconfident.com\/fr\/wp-json\/wp\/v2\/pages\/1281\/revisions"}],"wp:attachment":[{"href":"https:\/\/www.cliniquedentaireconfident.com\/fr\/wp-json\/wp\/v2\/media?parent=1281"}],"curies":[{"name":"wp","href":"https:\/\/api.w.org\/{rel}","templated":true}]}}