{"id":1291,"date":"2026-03-03T04:54:01","date_gmt":"2026-03-03T09:54:01","guid":{"rendered":"https:\/\/www.cliniquedentaireconfident.com\/?page_id=1291"},"modified":"2026-03-03T04:58:05","modified_gmt":"2026-03-03T09:58:05","slug":"couverture-dentaire-pour-les-refugies","status":"publish","type":"page","link":"https:\/\/www.cliniquedentaireconfident.com\/fr\/couverture-dentaire-pour-les-refugies\/","title":{"rendered":"Couverture dentaire pour les r\u00e9fugi\u00e9s"},"content":{"rendered":"<p><div class=\"fusion-fullwidth fullwidth-box fusion-builder-row-1 fusion-flex-container has-pattern-background has-mask-background nonhundred-percent-fullwidth non-hundred-percent-height-scrolling fusion-animated\" style=\"--awb-border-radius-top-left:0px;--awb-border-radius-top-right:0px;--awb-border-radius-bottom-right:0px;--awb-border-radius-bottom-left:0px;--awb-padding-top:40px;--awb-padding-bottom:40px;--awb-flex-wrap:wrap;\" data-animationType=\"fadeInUp\" data-animationDuration=\"0.3\" data-animationOffset=\"top-into-view\" ><div class=\"fusion-builder-row fusion-row fusion-flex-align-items-center fusion-flex-justify-content-center fusion-flex-content-wrap\" style=\"max-width:1216.8px;margin-left: calc(-4% \/ 2 );margin-right: calc(-4% \/ 2 );\"><div class=\"fusion-layout-column fusion_builder_column fusion-builder-column-0 fusion_builder_column_1_1 1_1 fusion-flex-column\" style=\"--awb-bg-size:cover;--awb-width-large:100%;--awb-margin-top-large:0px;--awb-spacing-right-large:1.92%;--awb-margin-bottom-large:0px;--awb-spacing-left-large:1.92%;--awb-width-medium:100%;--awb-spacing-right-medium:1.92%;--awb-spacing-left-medium:1.92%;--awb-width-small:100%;--awb-spacing-right-small:1.92%;--awb-spacing-left-small:1.92%;\"><div class=\"fusion-column-wrapper fusion-flex-justify-content-flex-start fusion-content-layout-column\"><div class=\"fusion-text fusion-text-1\"><h2 style=\"font-size: 40px;\">Programme f\u00e9d\u00e9ral de sant\u00e9 int\u00e9rimaire (PFSI) \u2013 Couverture dentaire pour les r\u00e9fugi\u00e9s<\/h2>\n<p><span style=\"font-weight: 400;\">Notre clinique accueille les patients couverts par le PFSI (Couverture dentaire pour les r\u00e9fugi\u00e9s).<\/span><\/p>\n<p><span style=\"font-weight: 400;\">Les r\u00e9fugi\u00e9s au Canada peuvent \u00eatre admissibles \u00e0 une couverture dentaire gr\u00e2ce au Programme f\u00e9d\u00e9ral de sant\u00e9 int\u00e9rimaire (PFSI), qui leur donne acc\u00e8s \u00e0 des soins dentaires essentiels pendant leur installation au Canada. Ce programme permet aux personnes sans assurance priv\u00e9e de recevoir les traitements n\u00e9cessaires sans difficult\u00e9s financi\u00e8res.<\/span><\/p>\n<p><strong>La couverture du PFSI comprend g\u00e9n\u00e9ralement :<\/strong><\/p>\n<ul>\n<li style=\"font-weight: 400;\" aria-level=\"1\"><span style=\"font-weight: 400;\">Examens de routine<\/span><\/li>\n<li style=\"font-weight: 400;\" aria-level=\"1\"><span style=\"font-weight: 400;\">Obturations<\/span><\/li>\n<li style=\"font-weight: 400;\" aria-level=\"1\"><span style=\"font-weight: 400;\">Soins dentaires d\u2019urgence, comme les extractions. (Les interventions plus complexes ou esth\u00e9tiques ne sont g\u00e9n\u00e9ralement pas couvertes.)<\/span><\/li>\n<\/ul>\n<\/div><\/div><\/div><\/div><\/div><div class=\"fusion-fullwidth fullwidth-box fusion-builder-row-2 fusion-flex-container has-pattern-background has-mask-background nonhundred-percent-fullwidth non-hundred-percent-height-scrolling fusion-animated\" style=\"--awb-border-radius-top-left:0px;--awb-border-radius-top-right:0px;--awb-border-radius-bottom-right:0px;--awb-border-radius-bottom-left:0px;--awb-padding-top:40px;--awb-padding-bottom:40px;--awb-background-color:#f5f5f5;--awb-flex-wrap:wrap;\" data-animationType=\"fadeInUp\" data-animationDuration=\"0.3\" data-animationOffset=\"top-into-view\" ><div class=\"fusion-builder-row fusion-row fusion-flex-align-items-center fusion-flex-justify-content-center fusion-flex-content-wrap\" style=\"max-width:1216.8px;margin-left: calc(-4% \/ 2 );margin-right: calc(-4% \/ 2 );\"><div class=\"fusion-layout-column fusion_builder_column fusion-builder-column-1 fusion_builder_column_1_1 1_1 fusion-flex-column\" style=\"--awb-bg-size:cover;--awb-width-large:100%;--awb-margin-top-large:0px;--awb-spacing-right-large:1.92%;--awb-margin-bottom-large:0px;--awb-spacing-left-large:1.92%;--awb-width-medium:100%;--awb-spacing-right-medium:1.92%;--awb-spacing-left-medium:1.92%;--awb-width-small:100%;--awb-spacing-right-small:1.92%;--awb-spacing-left-small:1.92%;\"><div class=\"fusion-column-wrapper fusion-flex-justify-content-flex-start fusion-content-layout-column\"><div class=\"fusion-text fusion-text-2\"><p><span style=\"font-weight: 400;\">Notre \u00e9quipe v\u00e9rifiera votre admissibilit\u00e9, vous expliquera votre couverture et vous guidera avec clart\u00e9 et compassion parmi vos options de traitement. Veuillez apporter vos documents valides du PFSI \u00e0 votre rendez-vous afin que nous puissions vous aider efficacement.<\/span><\/p>\n<p><span style=\"font-weight: 400;\">Nous engageons \u00e0 offrir des soins dentaires accessibles et de haute qualit\u00e9 \u00e0 tous nos patients. Pour plus d\u2019information, consultez le site Web officiel du gouvernement du Canada :<\/span><\/p>\n<p><a href=\"https:\/\/www.canada.ca\/fr\/immigration-refugies-citoyennete\/services\/refugies\/aide-partir-canada\/soins-sante.html\"><span style=\"font-weight: 400;\">https:\/\/www.canada.ca\/fr\/immigration-refugies-citoyennete\/services\/refugies\/aide-partir-canada\/soins-sante.html<\/span><\/a><\/p>\n<p><span style=\"font-weight: 400;\">Appelez-nous d\u00e8s aujourd\u2019hui pour en savoir plus sur votre couverture du Programme int\u00e9gr\u00e9 de soins de sant\u00e9 au Canada (PFSI) et prendre rendez-vous :<a href=\"tel:5144192909\"><strong> (514) 419-2909<\/strong><\/a>.<\/span><\/p>\n<p><span style=\"font-weight: 400;\">Nous parlons anglais, fran\u00e7ais, chinois et arabe afin que nos patients puissent communiquer dans la langue de leur choix.<\/span><\/p>\n<\/div><\/div><\/div><\/div><\/div><div class=\"fusion-fullwidth fullwidth-box fusion-builder-row-3 fusion-flex-container has-pattern-background has-mask-background nonhundred-percent-fullwidth non-hundred-percent-height-scrolling\" style=\"--awb-border-radius-top-left:0px;--awb-border-radius-top-right:0px;--awb-border-radius-bottom-right:0px;--awb-border-radius-bottom-left:0px;--awb-margin-top:45px;--awb-flex-wrap:wrap;\" ><div class=\"fusion-builder-row fusion-row fusion-flex-align-items-flex-start fusion-flex-content-wrap\" style=\"max-width:1216.8px;margin-left: calc(-4% \/ 2 );margin-right: calc(-4% \/ 2 );\"><div class=\"fusion-layout-column fusion_builder_column fusion-builder-column-2 fusion_builder_column_1_1 1_1 fusion-flex-column\" style=\"--awb-bg-size:cover;--awb-width-large:100%;--awb-margin-top-large:0px;--awb-spacing-right-large:1.92%;--awb-margin-bottom-large:0px;--awb-spacing-left-large:1.92%;--awb-width-medium:100%;--awb-order-medium:0;--awb-spacing-right-medium:1.92%;--awb-spacing-left-medium:1.92%;--awb-width-small:100%;--awb-order-small:0;--awb-spacing-right-small:1.92%;--awb-spacing-left-small:1.92%;\" data-motion-effects=\"[{&quot;type&quot;:&quot;&quot;,&quot;scroll_type&quot;:&quot;transition&quot;,&quot;scroll_direction&quot;:&quot;up&quot;,&quot;transition_speed&quot;:&quot;1&quot;,&quot;fade_type&quot;:&quot;in&quot;,&quot;scale_type&quot;:&quot;up&quot;,&quot;initial_scale&quot;:&quot;1&quot;,&quot;max_scale&quot;:&quot;1.5&quot;,&quot;min_scale&quot;:&quot;0.5&quot;,&quot;initial_rotate&quot;:&quot;0&quot;,&quot;end_rotate&quot;:&quot;30&quot;,&quot;initial_blur&quot;:&quot;0&quot;,&quot;end_blur&quot;:&quot;3&quot;,&quot;start_element&quot;:&quot;top&quot;,&quot;start_viewport&quot;:&quot;bottom&quot;,&quot;end_element&quot;:&quot;bottom&quot;,&quot;end_viewport&quot;:&quot;top&quot;,&quot;mouse_effect&quot;:&quot;track&quot;,&quot;mouse_effect_direction&quot;:&quot;opposite&quot;,&quot;mouse_effect_speed&quot;:&quot;2&quot;,&quot;infinite_animation&quot;:&quot;float&quot;,&quot;infinite_animation_speed&quot;:&quot;2&quot;}]\" data-scroll-devices=\"small-visibility,medium-visibility,large-visibility\"><div class=\"fusion-column-wrapper fusion-column-has-shadow fusion-flex-justify-content-flex-start fusion-content-layout-column\"><div style=\"text-align:center;\"><a class=\"fusion-button button-flat fusion-button-default-size button-default fusion-button-default button-1 fusion-button-default-span fusion-button-default-type homebook\" style=\"--button_margin-bottom:0px;\" target=\"_self\" href=\"https:\/\/www.cliniquedentaireconfident.com\/fr\/rendez-vous\/\"><span class=\"fusion-button-text\">Prendre un rendez-vous<\/span><\/a><\/div><\/div><\/div><\/div><\/div><\/p>\n","protected":false},"excerpt":{"rendered":"","protected":false},"author":6,"featured_media":0,"parent":0,"menu_order":0,"comment_status":"closed","ping_status":"closed","template":"100-width.php","meta":{"footnotes":""},"class_list":["post-1291","page","type-page","status-publish","hentry"],"yoast_head":"<!-- This site is optimized with the Yoast SEO plugin v27.3 - https:\/\/yoast.com\/product\/yoast-seo-wordpress\/ -->\n<title>Couverture dentaire pour les r\u00e9fugi\u00e9s - Clinique Dentaire Confident<\/title>\n<meta name=\"robots\" content=\"index, follow, max-snippet:-1, max-image-preview:large, max-video-preview:-1\" \/>\n<link rel=\"canonical\" href=\"https:\/\/www.cliniquedentaireconfident.com\/fr\/couverture-dentaire-pour-les-refugies\/\" \/>\n<meta property=\"og:locale\" content=\"fr_FR\" \/>\n<meta property=\"og:type\" content=\"article\" \/>\n<meta property=\"og:title\" content=\"Couverture dentaire pour les r\u00e9fugi\u00e9s - Clinique Dentaire Confident\" \/>\n<meta property=\"og:url\" content=\"https:\/\/www.cliniquedentaireconfident.com\/fr\/couverture-dentaire-pour-les-refugies\/\" \/>\n<meta property=\"og:site_name\" content=\"Clinique Dentaire Confident\" \/>\n<meta property=\"article:publisher\" content=\"https:\/\/www.facebook.com\/profile.php?id=61551934724638\" \/>\n<meta property=\"article:modified_time\" content=\"2026-03-03T09:58:05+00:00\" \/>\n<meta name=\"twitter:card\" content=\"summary_large_image\" \/>\n<meta name=\"twitter:label1\" content=\"Dur\u00e9e de lecture estim\u00e9e\" \/>\n\t<meta name=\"twitter:data1\" content=\"1 minute\" \/>\n<script type=\"application\/ld+json\" class=\"yoast-schema-graph\">{\"@context\":\"https:\\\/\\\/schema.org\",\"@graph\":[{\"@type\":\"WebPage\",\"@id\":\"https:\\\/\\\/www.cliniquedentaireconfident.com\\\/fr\\\/couverture-dentaire-pour-les-refugies\\\/\",\"url\":\"https:\\\/\\\/www.cliniquedentaireconfident.com\\\/fr\\\/couverture-dentaire-pour-les-refugies\\\/\",\"name\":\"Couverture dentaire pour les r\u00e9fugi\u00e9s - Clinique Dentaire Confident\",\"isPartOf\":{\"@id\":\"https:\\\/\\\/www.cliniquedentaireconfident.com\\\/#website\"},\"datePublished\":\"2026-03-03T09:54:01+00:00\",\"dateModified\":\"2026-03-03T09:58:05+00:00\",\"breadcrumb\":{\"@id\":\"https:\\\/\\\/www.cliniquedentaireconfident.com\\\/fr\\\/couverture-dentaire-pour-les-refugies\\\/#breadcrumb\"},\"inLanguage\":\"fr-FR\",\"potentialAction\":[{\"@type\":\"ReadAction\",\"target\":[\"https:\\\/\\\/www.cliniquedentaireconfident.com\\\/fr\\\/couverture-dentaire-pour-les-refugies\\\/\"]}]},{\"@type\":\"BreadcrumbList\",\"@id\":\"https:\\\/\\\/www.cliniquedentaireconfident.com\\\/fr\\\/couverture-dentaire-pour-les-refugies\\\/#breadcrumb\",\"itemListElement\":[{\"@type\":\"ListItem\",\"position\":1,\"name\":\"Home\",\"item\":\"https:\\\/\\\/www.cliniquedentaireconfident.com\\\/fr\\\/\"},{\"@type\":\"ListItem\",\"position\":2,\"name\":\"Couverture dentaire pour les r\u00e9fugi\u00e9s\"}]},{\"@type\":\"WebSite\",\"@id\":\"https:\\\/\\\/www.cliniquedentaireconfident.com\\\/#website\",\"url\":\"https:\\\/\\\/www.cliniquedentaireconfident.com\\\/\",\"name\":\"Clinique Dentaire Confident\",\"description\":\"\",\"publisher\":{\"@id\":\"https:\\\/\\\/www.cliniquedentaireconfident.com\\\/#organization\"},\"potentialAction\":[{\"@type\":\"SearchAction\",\"target\":{\"@type\":\"EntryPoint\",\"urlTemplate\":\"https:\\\/\\\/www.cliniquedentaireconfident.com\\\/?s={search_term_string}\"},\"query-input\":{\"@type\":\"PropertyValueSpecification\",\"valueRequired\":true,\"valueName\":\"search_term_string\"}}],\"inLanguage\":\"fr-FR\"},{\"@type\":\"Organization\",\"@id\":\"https:\\\/\\\/www.cliniquedentaireconfident.com\\\/#organization\",\"name\":\"Clinique Dentaire Confident\",\"url\":\"https:\\\/\\\/www.cliniquedentaireconfident.com\\\/\",\"logo\":{\"@type\":\"ImageObject\",\"inLanguage\":\"fr-FR\",\"@id\":\"https:\\\/\\\/www.cliniquedentaireconfident.com\\\/#\\\/schema\\\/logo\\\/image\\\/\",\"url\":\"https:\\\/\\\/www.cliniquedentaireconfident.com\\\/wp-content\\\/uploads\\\/2025\\\/02\\\/ConfiDent_Dental.svg\",\"contentUrl\":\"https:\\\/\\\/www.cliniquedentaireconfident.com\\\/wp-content\\\/uploads\\\/2025\\\/02\\\/ConfiDent_Dental.svg\",\"width\":839,\"height\":509,\"caption\":\"Clinique Dentaire Confident\"},\"image\":{\"@id\":\"https:\\\/\\\/www.cliniquedentaireconfident.com\\\/#\\\/schema\\\/logo\\\/image\\\/\"},\"sameAs\":[\"https:\\\/\\\/www.facebook.com\\\/profile.php?id=61551934724638\"]}]}<\/script>\n<!-- \/ Yoast SEO plugin. -->","yoast_head_json":{"title":"Couverture dentaire pour les r\u00e9fugi\u00e9s - Clinique Dentaire Confident","robots":{"index":"index","follow":"follow","max-snippet":"max-snippet:-1","max-image-preview":"max-image-preview:large","max-video-preview":"max-video-preview:-1"},"canonical":"https:\/\/www.cliniquedentaireconfident.com\/fr\/couverture-dentaire-pour-les-refugies\/","og_locale":"fr_FR","og_type":"article","og_title":"Couverture dentaire pour les r\u00e9fugi\u00e9s - Clinique Dentaire Confident","og_url":"https:\/\/www.cliniquedentaireconfident.com\/fr\/couverture-dentaire-pour-les-refugies\/","og_site_name":"Clinique Dentaire Confident","article_publisher":"https:\/\/www.facebook.com\/profile.php?id=61551934724638","article_modified_time":"2026-03-03T09:58:05+00:00","twitter_card":"summary_large_image","twitter_misc":{"Dur\u00e9e de lecture estim\u00e9e":"1 minute"},"schema":{"@context":"https:\/\/schema.org","@graph":[{"@type":"WebPage","@id":"https:\/\/www.cliniquedentaireconfident.com\/fr\/couverture-dentaire-pour-les-refugies\/","url":"https:\/\/www.cliniquedentaireconfident.com\/fr\/couverture-dentaire-pour-les-refugies\/","name":"Couverture dentaire pour les r\u00e9fugi\u00e9s - Clinique Dentaire Confident","isPartOf":{"@id":"https:\/\/www.cliniquedentaireconfident.com\/#website"},"datePublished":"2026-03-03T09:54:01+00:00","dateModified":"2026-03-03T09:58:05+00:00","breadcrumb":{"@id":"https:\/\/www.cliniquedentaireconfident.com\/fr\/couverture-dentaire-pour-les-refugies\/#breadcrumb"},"inLanguage":"fr-FR","potentialAction":[{"@type":"ReadAction","target":["https:\/\/www.cliniquedentaireconfident.com\/fr\/couverture-dentaire-pour-les-refugies\/"]}]},{"@type":"BreadcrumbList","@id":"https:\/\/www.cliniquedentaireconfident.com\/fr\/couverture-dentaire-pour-les-refugies\/#breadcrumb","itemListElement":[{"@type":"ListItem","position":1,"name":"Home","item":"https:\/\/www.cliniquedentaireconfident.com\/fr\/"},{"@type":"ListItem","position":2,"name":"Couverture dentaire pour les r\u00e9fugi\u00e9s"}]},{"@type":"WebSite","@id":"https:\/\/www.cliniquedentaireconfident.com\/#website","url":"https:\/\/www.cliniquedentaireconfident.com\/","name":"Clinique Dentaire Confident","description":"","publisher":{"@id":"https:\/\/www.cliniquedentaireconfident.com\/#organization"},"potentialAction":[{"@type":"SearchAction","target":{"@type":"EntryPoint","urlTemplate":"https:\/\/www.cliniquedentaireconfident.com\/?s={search_term_string}"},"query-input":{"@type":"PropertyValueSpecification","valueRequired":true,"valueName":"search_term_string"}}],"inLanguage":"fr-FR"},{"@type":"Organization","@id":"https:\/\/www.cliniquedentaireconfident.com\/#organization","name":"Clinique Dentaire Confident","url":"https:\/\/www.cliniquedentaireconfident.com\/","logo":{"@type":"ImageObject","inLanguage":"fr-FR","@id":"https:\/\/www.cliniquedentaireconfident.com\/#\/schema\/logo\/image\/","url":"https:\/\/www.cliniquedentaireconfident.com\/wp-content\/uploads\/2025\/02\/ConfiDent_Dental.svg","contentUrl":"https:\/\/www.cliniquedentaireconfident.com\/wp-content\/uploads\/2025\/02\/ConfiDent_Dental.svg","width":839,"height":509,"caption":"Clinique Dentaire Confident"},"image":{"@id":"https:\/\/www.cliniquedentaireconfident.com\/#\/schema\/logo\/image\/"},"sameAs":["https:\/\/www.facebook.com\/profile.php?id=61551934724638"]}]}},"_links":{"self":[{"href":"https:\/\/www.cliniquedentaireconfident.com\/fr\/wp-json\/wp\/v2\/pages\/1291","targetHints":{"allow":["GET"]}}],"collection":[{"href":"https:\/\/www.cliniquedentaireconfident.com\/fr\/wp-json\/wp\/v2\/pages"}],"about":[{"href":"https:\/\/www.cliniquedentaireconfident.com\/fr\/wp-json\/wp\/v2\/types\/page"}],"author":[{"embeddable":true,"href":"https:\/\/www.cliniquedentaireconfident.com\/fr\/wp-json\/wp\/v2\/users\/6"}],"replies":[{"embeddable":true,"href":"https:\/\/www.cliniquedentaireconfident.com\/fr\/wp-json\/wp\/v2\/comments?post=1291"}],"version-history":[{"count":0,"href":"https:\/\/www.cliniquedentaireconfident.com\/fr\/wp-json\/wp\/v2\/pages\/1291\/revisions"}],"wp:attachment":[{"href":"https:\/\/www.cliniquedentaireconfident.com\/fr\/wp-json\/wp\/v2\/media?parent=1291"}],"curies":[{"name":"wp","href":"https:\/\/api.w.org\/{rel}","templated":true}]}}