{"id":773,"date":"2025-01-16T09:59:45","date_gmt":"2025-01-16T14:59:45","guid":{"rendered":"https:\/\/e7dba47da4.nxcli.io\/?page_id=773"},"modified":"2025-03-17T11:24:47","modified_gmt":"2025-03-17T15:24:47","slug":"notre-clinique","status":"publish","type":"page","link":"https:\/\/www.cliniquedentaireconfident.com\/fr\/notre-clinique\/","title":{"rendered":"Notre Clinique"},"content":{"rendered":"<div class=\"fusion-fullwidth fullwidth-box fusion-builder-row-1 fusion-flex-container has-pattern-background has-mask-background nonhundred-percent-fullwidth non-hundred-percent-height-scrolling\" style=\"--awb-border-radius-top-left:0px;--awb-border-radius-top-right:0px;--awb-border-radius-bottom-right:0px;--awb-border-radius-bottom-left:0px;--awb-padding-top:40px;--awb-padding-right:0px;--awb-padding-bottom:0px;--awb-padding-left:0px;--awb-margin-bottom:0px;--awb-flex-wrap:wrap;\" ><div class=\"fusion-builder-row fusion-row fusion-flex-align-items-flex-start fusion-flex-content-wrap\" style=\"max-width:1216.8px;margin-left: calc(-4% \/ 2 );margin-right: calc(-4% \/ 2 );\"><div class=\"fusion-layout-column fusion_builder_column fusion-builder-column-0 fusion_builder_column_1_1 1_1 fusion-flex-column\" style=\"--awb-bg-size:cover;--awb-width-large:100%;--awb-margin-top-large:0px;--awb-spacing-right-large:1.92%;--awb-margin-bottom-large:0px;--awb-spacing-left-large:1.92%;--awb-width-medium:100%;--awb-order-medium:0;--awb-spacing-right-medium:1.92%;--awb-spacing-left-medium:1.92%;--awb-width-small:100%;--awb-order-small:0;--awb-spacing-right-small:1.92%;--awb-spacing-left-small:1.92%;\" data-motion-effects=\"[{&quot;type&quot;:&quot;&quot;,&quot;scroll_type&quot;:&quot;transition&quot;,&quot;scroll_direction&quot;:&quot;up&quot;,&quot;transition_speed&quot;:&quot;1&quot;,&quot;fade_type&quot;:&quot;in&quot;,&quot;scale_type&quot;:&quot;up&quot;,&quot;initial_scale&quot;:&quot;1&quot;,&quot;max_scale&quot;:&quot;1.5&quot;,&quot;min_scale&quot;:&quot;0.5&quot;,&quot;initial_rotate&quot;:&quot;0&quot;,&quot;end_rotate&quot;:&quot;30&quot;,&quot;initial_blur&quot;:&quot;0&quot;,&quot;end_blur&quot;:&quot;3&quot;,&quot;start_element&quot;:&quot;top&quot;,&quot;start_viewport&quot;:&quot;bottom&quot;,&quot;end_element&quot;:&quot;bottom&quot;,&quot;end_viewport&quot;:&quot;top&quot;,&quot;mouse_effect&quot;:&quot;track&quot;,&quot;mouse_effect_direction&quot;:&quot;opposite&quot;,&quot;mouse_effect_speed&quot;:&quot;2&quot;,&quot;infinite_animation&quot;:&quot;float&quot;,&quot;infinite_animation_speed&quot;:&quot;2&quot;}]\" data-scroll-devices=\"small-visibility,medium-visibility,large-visibility\"><div class=\"fusion-column-wrapper fusion-column-has-shadow fusion-flex-justify-content-flex-start fusion-content-layout-column\"><div class=\"fusion-text fusion-text-1 fusion-text-no-margin\" style=\"--awb-margin-bottom:40px;\"><p>Chez la Clinique Dentaire Mountain View, nous sommes fiers de servir la communaut\u00e9 de Kirkland au coeur de l\u2019ouest de l\u2019\u00cele de Montr\u00e9al, en offrant des soins dentaires de haute qualit\u00e9 dans un environnement chaleureux et accueillant. Notre \u00e9quipe d\u00e9vou\u00e9e de professionnels de la sant\u00e9 bucco-dentaire s\u2019engage \u00e0 vous fournir des soins dentaires exceptionnels tout en mettant l\u2019accent sur votre confort et votre bien-\u00eatre.<\/p>\n<\/div><div class=\"fusion-text fusion-text-2\"><h3 style=\"text-align: center;\">Visitez notre clinique<\/h3>\n<\/div><div class=\"fusion-image-carousel fusion-image-carousel-auto fusion-image-carousel-1 fusion-carousel-border\" style=\"margin-bottom:0px;\"><div class=\"awb-carousel awb-swiper awb-swiper-carousel\" data-autoplay=\"no\" data-columns=\"1\" data-itemmargin=\"0\" data-itemwidth=\"180\" data-touchscroll=\"yes\" data-imagesize=\"auto\" data-scrollitems=\"1\" style=\"--awb-columns:1;--awb-column-spacing:0px;\"><div class=\"swiper-wrapper awb-image-carousel-wrapper fusion-flex-align-items-center\"><div class=\"swiper-slide\"><div class=\"fusion-carousel-item-wrapper\"><div class=\"fusion-image-wrapper hover-type-none\"><img decoding=\"async\" width=\"1200\" height=\"900\" src=\"https:\/\/www.cliniquedentaireconfident.com\/wp-content\/uploads\/2025\/02\/clinic01.jpg\" class=\"attachment-full size-full\" alt=\"\" srcset=\"https:\/\/www.cliniquedentaireconfident.com\/wp-content\/uploads\/2025\/02\/clinic01-200x150.jpg 200w, https:\/\/www.cliniquedentaireconfident.com\/wp-content\/uploads\/2025\/02\/clinic01-300x225.jpg 300w, https:\/\/www.cliniquedentaireconfident.com\/wp-content\/uploads\/2025\/02\/clinic01-400x300.jpg 400w, https:\/\/www.cliniquedentaireconfident.com\/wp-content\/uploads\/2025\/02\/clinic01-600x450.jpg 600w, https:\/\/www.cliniquedentaireconfident.com\/wp-content\/uploads\/2025\/02\/clinic01-768x576.jpg 768w, https:\/\/www.cliniquedentaireconfident.com\/wp-content\/uploads\/2025\/02\/clinic01-800x600.jpg 800w, https:\/\/www.cliniquedentaireconfident.com\/wp-content\/uploads\/2025\/02\/clinic01-1024x768.jpg 1024w, https:\/\/www.cliniquedentaireconfident.com\/wp-content\/uploads\/2025\/02\/clinic01.jpg 1200w\" sizes=\"(max-width: 1200px) 100vw, 1200px\" \/><\/div><\/div><\/div><div class=\"swiper-slide\"><div class=\"fusion-carousel-item-wrapper\"><div class=\"fusion-image-wrapper hover-type-none\"><img decoding=\"async\" width=\"1200\" height=\"900\" src=\"https:\/\/www.cliniquedentaireconfident.com\/wp-content\/uploads\/2025\/02\/clinic02.jpg\" class=\"attachment-full size-full\" alt=\"\" srcset=\"https:\/\/www.cliniquedentaireconfident.com\/wp-content\/uploads\/2025\/02\/clinic02-200x150.jpg 200w, https:\/\/www.cliniquedentaireconfident.com\/wp-content\/uploads\/2025\/02\/clinic02-300x225.jpg 300w, https:\/\/www.cliniquedentaireconfident.com\/wp-content\/uploads\/2025\/02\/clinic02-400x300.jpg 400w, https:\/\/www.cliniquedentaireconfident.com\/wp-content\/uploads\/2025\/02\/clinic02-600x450.jpg 600w, https:\/\/www.cliniquedentaireconfident.com\/wp-content\/uploads\/2025\/02\/clinic02-768x576.jpg 768w, https:\/\/www.cliniquedentaireconfident.com\/wp-content\/uploads\/2025\/02\/clinic02-800x600.jpg 800w, https:\/\/www.cliniquedentaireconfident.com\/wp-content\/uploads\/2025\/02\/clinic02-1024x768.jpg 1024w, https:\/\/www.cliniquedentaireconfident.com\/wp-content\/uploads\/2025\/02\/clinic02.jpg 1200w\" sizes=\"(max-width: 1200px) 100vw, 1200px\" \/><\/div><\/div><\/div><div class=\"swiper-slide\"><div class=\"fusion-carousel-item-wrapper\"><div class=\"fusion-image-wrapper hover-type-none\"><img decoding=\"async\" width=\"1200\" height=\"900\" src=\"https:\/\/www.cliniquedentaireconfident.com\/wp-content\/uploads\/2025\/02\/clinic03.jpg\" class=\"attachment-full size-full\" alt=\"\" srcset=\"https:\/\/www.cliniquedentaireconfident.com\/wp-content\/uploads\/2025\/02\/clinic03-200x150.jpg 200w, https:\/\/www.cliniquedentaireconfident.com\/wp-content\/uploads\/2025\/02\/clinic03-300x225.jpg 300w, https:\/\/www.cliniquedentaireconfident.com\/wp-content\/uploads\/2025\/02\/clinic03-400x300.jpg 400w, https:\/\/www.cliniquedentaireconfident.com\/wp-content\/uploads\/2025\/02\/clinic03-600x450.jpg 600w, https:\/\/www.cliniquedentaireconfident.com\/wp-content\/uploads\/2025\/02\/clinic03-768x576.jpg 768w, https:\/\/www.cliniquedentaireconfident.com\/wp-content\/uploads\/2025\/02\/clinic03-800x600.jpg 800w, https:\/\/www.cliniquedentaireconfident.com\/wp-content\/uploads\/2025\/02\/clinic03-1024x768.jpg 1024w, https:\/\/www.cliniquedentaireconfident.com\/wp-content\/uploads\/2025\/02\/clinic03.jpg 1200w\" sizes=\"(max-width: 1200px) 100vw, 1200px\" \/><\/div><\/div><\/div><div class=\"swiper-slide\"><div class=\"fusion-carousel-item-wrapper\"><div class=\"fusion-image-wrapper hover-type-none\"><img decoding=\"async\" width=\"1200\" height=\"900\" src=\"https:\/\/www.cliniquedentaireconfident.com\/wp-content\/uploads\/2025\/02\/clinic04.jpg\" class=\"attachment-full size-full\" alt=\"\" srcset=\"https:\/\/www.cliniquedentaireconfident.com\/wp-content\/uploads\/2025\/02\/clinic04-200x150.jpg 200w, https:\/\/www.cliniquedentaireconfident.com\/wp-content\/uploads\/2025\/02\/clinic04-300x225.jpg 300w, https:\/\/www.cliniquedentaireconfident.com\/wp-content\/uploads\/2025\/02\/clinic04-400x300.jpg 400w, https:\/\/www.cliniquedentaireconfident.com\/wp-content\/uploads\/2025\/02\/clinic04-600x450.jpg 600w, https:\/\/www.cliniquedentaireconfident.com\/wp-content\/uploads\/2025\/02\/clinic04-768x576.jpg 768w, https:\/\/www.cliniquedentaireconfident.com\/wp-content\/uploads\/2025\/02\/clinic04-800x600.jpg 800w, https:\/\/www.cliniquedentaireconfident.com\/wp-content\/uploads\/2025\/02\/clinic04-1024x768.jpg 1024w, https:\/\/www.cliniquedentaireconfident.com\/wp-content\/uploads\/2025\/02\/clinic04.jpg 1200w\" sizes=\"(max-width: 1200px) 100vw, 1200px\" \/><\/div><\/div><\/div><div class=\"swiper-slide\"><div class=\"fusion-carousel-item-wrapper\"><div class=\"fusion-image-wrapper hover-type-none\"><img decoding=\"async\" width=\"1200\" height=\"900\" src=\"https:\/\/www.cliniquedentaireconfident.com\/wp-content\/uploads\/2025\/02\/clinic05.jpg\" class=\"attachment-full size-full\" alt=\"\" srcset=\"https:\/\/www.cliniquedentaireconfident.com\/wp-content\/uploads\/2025\/02\/clinic05-200x150.jpg 200w, https:\/\/www.cliniquedentaireconfident.com\/wp-content\/uploads\/2025\/02\/clinic05-300x225.jpg 300w, https:\/\/www.cliniquedentaireconfident.com\/wp-content\/uploads\/2025\/02\/clinic05-400x300.jpg 400w, https:\/\/www.cliniquedentaireconfident.com\/wp-content\/uploads\/2025\/02\/clinic05-600x450.jpg 600w, https:\/\/www.cliniquedentaireconfident.com\/wp-content\/uploads\/2025\/02\/clinic05-768x576.jpg 768w, https:\/\/www.cliniquedentaireconfident.com\/wp-content\/uploads\/2025\/02\/clinic05-800x600.jpg 800w, https:\/\/www.cliniquedentaireconfident.com\/wp-content\/uploads\/2025\/02\/clinic05-1024x768.jpg 1024w, https:\/\/www.cliniquedentaireconfident.com\/wp-content\/uploads\/2025\/02\/clinic05.jpg 1200w\" sizes=\"(max-width: 1200px) 100vw, 1200px\" \/><\/div><\/div><\/div><\/div><div class=\"awb-swiper-button awb-swiper-button-prev\"><i class=\"awb-icon-angle-left\" aria-hidden=\"true\"><\/i><\/div><div class=\"awb-swiper-button awb-swiper-button-next\"><i class=\"awb-icon-angle-right\" aria-hidden=\"true\"><\/i><\/div><\/div><\/div><\/div><\/div><\/div><\/div>\n","protected":false},"excerpt":{"rendered":"","protected":false},"author":2,"featured_media":0,"parent":0,"menu_order":0,"comment_status":"closed","ping_status":"closed","template":"100-width.php","meta":{"footnotes":""},"class_list":["post-773","page","type-page","status-publish","hentry"],"yoast_head":"<!-- This site is optimized with the Yoast SEO plugin v27.3 - https:\/\/yoast.com\/product\/yoast-seo-wordpress\/ -->\n<title>Services dentaires professionnels \u00e0 la Clinique Dentaire Confident<\/title>\n<meta name=\"description\" content=\"Obtenez des services dentaires professionnels \u00e0 la Clinique Dentaire Confident, offrant tout, des bilans de sant\u00e9 aux traitements avanc\u00e9s pour un sourire sain et confiant.\" \/>\n<meta name=\"robots\" content=\"index, follow, max-snippet:-1, max-image-preview:large, max-video-preview:-1\" \/>\n<link rel=\"canonical\" href=\"https:\/\/www.cliniquedentaireconfident.com\/fr\/notre-clinique\/\" \/>\n<meta property=\"og:locale\" content=\"fr_FR\" \/>\n<meta property=\"og:type\" content=\"article\" \/>\n<meta property=\"og:title\" content=\"Services dentaires professionnels \u00e0 la Clinique Dentaire Confident\" \/>\n<meta property=\"og:description\" content=\"Obtenez des services dentaires professionnels \u00e0 la Clinique Dentaire Confident, offrant tout, des bilans de sant\u00e9 aux traitements avanc\u00e9s pour un sourire sain et confiant.\" \/>\n<meta property=\"og:url\" content=\"https:\/\/www.cliniquedentaireconfident.com\/fr\/notre-clinique\/\" \/>\n<meta property=\"og:site_name\" content=\"Clinique Dentaire Confident\" \/>\n<meta property=\"article:publisher\" content=\"https:\/\/www.facebook.com\/profile.php?id=61551934724638\" \/>\n<meta property=\"article:modified_time\" content=\"2025-03-17T15:24:47+00:00\" \/>\n<meta name=\"twitter:card\" content=\"summary_large_image\" \/>\n<meta name=\"twitter:label1\" content=\"Dur\u00e9e de lecture estim\u00e9e\" \/>\n\t<meta name=\"twitter:data1\" content=\"2 minutes\" \/>\n<script type=\"application\/ld+json\" class=\"yoast-schema-graph\">{\"@context\":\"https:\\\/\\\/schema.org\",\"@graph\":[{\"@type\":\"WebPage\",\"@id\":\"https:\\\/\\\/www.cliniquedentaireconfident.com\\\/fr\\\/notre-clinique\\\/\",\"url\":\"https:\\\/\\\/www.cliniquedentaireconfident.com\\\/fr\\\/notre-clinique\\\/\",\"name\":\"Services dentaires professionnels \u00e0 la Clinique Dentaire Confident\",\"isPartOf\":{\"@id\":\"https:\\\/\\\/www.cliniquedentaireconfident.com\\\/#website\"},\"datePublished\":\"2025-01-16T14:59:45+00:00\",\"dateModified\":\"2025-03-17T15:24:47+00:00\",\"description\":\"Obtenez des services dentaires professionnels \u00e0 la Clinique Dentaire Confident, offrant tout, des bilans de sant\u00e9 aux traitements avanc\u00e9s pour un sourire sain et confiant.\",\"breadcrumb\":{\"@id\":\"https:\\\/\\\/www.cliniquedentaireconfident.com\\\/fr\\\/notre-clinique\\\/#breadcrumb\"},\"inLanguage\":\"fr-FR\",\"potentialAction\":[{\"@type\":\"ReadAction\",\"target\":[\"https:\\\/\\\/www.cliniquedentaireconfident.com\\\/fr\\\/notre-clinique\\\/\"]}]},{\"@type\":\"BreadcrumbList\",\"@id\":\"https:\\\/\\\/www.cliniquedentaireconfident.com\\\/fr\\\/notre-clinique\\\/#breadcrumb\",\"itemListElement\":[{\"@type\":\"ListItem\",\"position\":1,\"name\":\"Home\",\"item\":\"https:\\\/\\\/www.cliniquedentaireconfident.com\\\/fr\\\/\"},{\"@type\":\"ListItem\",\"position\":2,\"name\":\"Notre Clinique\"}]},{\"@type\":\"WebSite\",\"@id\":\"https:\\\/\\\/www.cliniquedentaireconfident.com\\\/#website\",\"url\":\"https:\\\/\\\/www.cliniquedentaireconfident.com\\\/\",\"name\":\"Clinique Dentaire Confident\",\"description\":\"\",\"publisher\":{\"@id\":\"https:\\\/\\\/www.cliniquedentaireconfident.com\\\/#organization\"},\"potentialAction\":[{\"@type\":\"SearchAction\",\"target\":{\"@type\":\"EntryPoint\",\"urlTemplate\":\"https:\\\/\\\/www.cliniquedentaireconfident.com\\\/?s={search_term_string}\"},\"query-input\":{\"@type\":\"PropertyValueSpecification\",\"valueRequired\":true,\"valueName\":\"search_term_string\"}}],\"inLanguage\":\"fr-FR\"},{\"@type\":\"Organization\",\"@id\":\"https:\\\/\\\/www.cliniquedentaireconfident.com\\\/#organization\",\"name\":\"Clinique Dentaire Confident\",\"url\":\"https:\\\/\\\/www.cliniquedentaireconfident.com\\\/\",\"logo\":{\"@type\":\"ImageObject\",\"inLanguage\":\"fr-FR\",\"@id\":\"https:\\\/\\\/www.cliniquedentaireconfident.com\\\/#\\\/schema\\\/logo\\\/image\\\/\",\"url\":\"https:\\\/\\\/www.cliniquedentaireconfident.com\\\/wp-content\\\/uploads\\\/2025\\\/02\\\/ConfiDent_Dental.svg\",\"contentUrl\":\"https:\\\/\\\/www.cliniquedentaireconfident.com\\\/wp-content\\\/uploads\\\/2025\\\/02\\\/ConfiDent_Dental.svg\",\"width\":839,\"height\":509,\"caption\":\"Clinique Dentaire Confident\"},\"image\":{\"@id\":\"https:\\\/\\\/www.cliniquedentaireconfident.com\\\/#\\\/schema\\\/logo\\\/image\\\/\"},\"sameAs\":[\"https:\\\/\\\/www.facebook.com\\\/profile.php?id=61551934724638\"]}]}<\/script>\n<!-- \/ Yoast SEO plugin. -->","yoast_head_json":{"title":"Services dentaires professionnels \u00e0 la Clinique Dentaire Confident","description":"Obtenez des services dentaires professionnels \u00e0 la Clinique Dentaire Confident, offrant tout, des bilans de sant\u00e9 aux traitements avanc\u00e9s pour un sourire sain et confiant.","robots":{"index":"index","follow":"follow","max-snippet":"max-snippet:-1","max-image-preview":"max-image-preview:large","max-video-preview":"max-video-preview:-1"},"canonical":"https:\/\/www.cliniquedentaireconfident.com\/fr\/notre-clinique\/","og_locale":"fr_FR","og_type":"article","og_title":"Services dentaires professionnels \u00e0 la Clinique Dentaire Confident","og_description":"Obtenez des services dentaires professionnels \u00e0 la Clinique Dentaire Confident, offrant tout, des bilans de sant\u00e9 aux traitements avanc\u00e9s pour un sourire sain et confiant.","og_url":"https:\/\/www.cliniquedentaireconfident.com\/fr\/notre-clinique\/","og_site_name":"Clinique Dentaire Confident","article_publisher":"https:\/\/www.facebook.com\/profile.php?id=61551934724638","article_modified_time":"2025-03-17T15:24:47+00:00","twitter_card":"summary_large_image","twitter_misc":{"Dur\u00e9e de lecture estim\u00e9e":"2 minutes"},"schema":{"@context":"https:\/\/schema.org","@graph":[{"@type":"WebPage","@id":"https:\/\/www.cliniquedentaireconfident.com\/fr\/notre-clinique\/","url":"https:\/\/www.cliniquedentaireconfident.com\/fr\/notre-clinique\/","name":"Services dentaires professionnels \u00e0 la Clinique Dentaire Confident","isPartOf":{"@id":"https:\/\/www.cliniquedentaireconfident.com\/#website"},"datePublished":"2025-01-16T14:59:45+00:00","dateModified":"2025-03-17T15:24:47+00:00","description":"Obtenez des services dentaires professionnels \u00e0 la Clinique Dentaire Confident, offrant tout, des bilans de sant\u00e9 aux traitements avanc\u00e9s pour un sourire sain et confiant.","breadcrumb":{"@id":"https:\/\/www.cliniquedentaireconfident.com\/fr\/notre-clinique\/#breadcrumb"},"inLanguage":"fr-FR","potentialAction":[{"@type":"ReadAction","target":["https:\/\/www.cliniquedentaireconfident.com\/fr\/notre-clinique\/"]}]},{"@type":"BreadcrumbList","@id":"https:\/\/www.cliniquedentaireconfident.com\/fr\/notre-clinique\/#breadcrumb","itemListElement":[{"@type":"ListItem","position":1,"name":"Home","item":"https:\/\/www.cliniquedentaireconfident.com\/fr\/"},{"@type":"ListItem","position":2,"name":"Notre Clinique"}]},{"@type":"WebSite","@id":"https:\/\/www.cliniquedentaireconfident.com\/#website","url":"https:\/\/www.cliniquedentaireconfident.com\/","name":"Clinique Dentaire Confident","description":"","publisher":{"@id":"https:\/\/www.cliniquedentaireconfident.com\/#organization"},"potentialAction":[{"@type":"SearchAction","target":{"@type":"EntryPoint","urlTemplate":"https:\/\/www.cliniquedentaireconfident.com\/?s={search_term_string}"},"query-input":{"@type":"PropertyValueSpecification","valueRequired":true,"valueName":"search_term_string"}}],"inLanguage":"fr-FR"},{"@type":"Organization","@id":"https:\/\/www.cliniquedentaireconfident.com\/#organization","name":"Clinique Dentaire Confident","url":"https:\/\/www.cliniquedentaireconfident.com\/","logo":{"@type":"ImageObject","inLanguage":"fr-FR","@id":"https:\/\/www.cliniquedentaireconfident.com\/#\/schema\/logo\/image\/","url":"https:\/\/www.cliniquedentaireconfident.com\/wp-content\/uploads\/2025\/02\/ConfiDent_Dental.svg","contentUrl":"https:\/\/www.cliniquedentaireconfident.com\/wp-content\/uploads\/2025\/02\/ConfiDent_Dental.svg","width":839,"height":509,"caption":"Clinique Dentaire Confident"},"image":{"@id":"https:\/\/www.cliniquedentaireconfident.com\/#\/schema\/logo\/image\/"},"sameAs":["https:\/\/www.facebook.com\/profile.php?id=61551934724638"]}]}},"_links":{"self":[{"href":"https:\/\/www.cliniquedentaireconfident.com\/fr\/wp-json\/wp\/v2\/pages\/773","targetHints":{"allow":["GET"]}}],"collection":[{"href":"https:\/\/www.cliniquedentaireconfident.com\/fr\/wp-json\/wp\/v2\/pages"}],"about":[{"href":"https:\/\/www.cliniquedentaireconfident.com\/fr\/wp-json\/wp\/v2\/types\/page"}],"author":[{"embeddable":true,"href":"https:\/\/www.cliniquedentaireconfident.com\/fr\/wp-json\/wp\/v2\/users\/2"}],"replies":[{"embeddable":true,"href":"https:\/\/www.cliniquedentaireconfident.com\/fr\/wp-json\/wp\/v2\/comments?post=773"}],"version-history":[{"count":0,"href":"https:\/\/www.cliniquedentaireconfident.com\/fr\/wp-json\/wp\/v2\/pages\/773\/revisions"}],"wp:attachment":[{"href":"https:\/\/www.cliniquedentaireconfident.com\/fr\/wp-json\/wp\/v2\/media?parent=773"}],"curies":[{"name":"wp","href":"https:\/\/api.w.org\/{rel}","templated":true}]}}