{"id":810,"date":"2025-01-15T15:13:34","date_gmt":"2025-01-15T20:13:34","guid":{"rendered":"https:\/\/e7dba47da4.nxcli.io\/?page_id=810"},"modified":"2025-03-27T05:17:47","modified_gmt":"2025-03-27T09:17:47","slug":"politique-de-confidentialite","status":"publish","type":"page","link":"https:\/\/www.cliniquedentaireconfident.com\/fr\/politique-de-confidentialite\/","title":{"rendered":"politique de confidentialit\u00e9"},"content":{"rendered":"<div class=\"fusion-fullwidth fullwidth-box fusion-builder-row-1 fusion-flex-container has-pattern-background has-mask-background nonhundred-percent-fullwidth non-hundred-percent-height-scrolling fusion-animated\" style=\"--awb-border-radius-top-left:0px;--awb-border-radius-top-right:0px;--awb-border-radius-bottom-right:0px;--awb-border-radius-bottom-left:0px;--awb-padding-top:40px;--awb-padding-bottom:40px;--awb-flex-wrap:wrap;\" data-animationType=\"fadeInDown\" data-animationDuration=\"0.3\" data-animationOffset=\"top-into-view\" ><div class=\"fusion-builder-row fusion-row fusion-flex-align-items-flex-start fusion-flex-content-wrap\" style=\"max-width:1216.8px;margin-left: calc(-4% \/ 2 );margin-right: calc(-4% \/ 2 );\"><div class=\"fusion-layout-column fusion_builder_column fusion-builder-column-0 fusion_builder_column_1_1 1_1 fusion-flex-column\" style=\"--awb-bg-size:cover;--awb-width-large:100%;--awb-margin-top-large:0px;--awb-spacing-right-large:1.92%;--awb-margin-bottom-large:0px;--awb-spacing-left-large:1.92%;--awb-width-medium:100%;--awb-spacing-right-medium:1.92%;--awb-spacing-left-medium:1.92%;--awb-width-small:100%;--awb-spacing-right-small:1.92%;--awb-spacing-left-small:1.92%;\"><div class=\"fusion-column-wrapper fusion-flex-justify-content-flex-start fusion-content-layout-column\"><div class=\"fusion-text fusion-text-1\"><p>Par l\u2019entremise de son site Internet, le\/la <u>Clinique Dentaire Confident<\/u> collecte des renseignements personnels vous concernant.<\/p>\n<p>La clinique s\u2019engage \u00e0 assurer la protection de vos renseignements personnels, et vous invite \u00e0 prendre connaissance de la pr\u00e9sente politique de confidentialit\u00e9.<\/p>\n<p><strong>Renseignements personnels collect\u00e9s de mani\u00e8re automatique<\/strong><\/p>\n<p>Par votre connexion sur notre site Internet, certains renseignements personnels sont \u00e9chang\u00e9s entre votre ordinateur et notre serveur. Cet \u00e9change est n\u00e9cessaire pour que les donn\u00e9es contenues sur notre site puissent \u00eatre correctement communiqu\u00e9es \u00e0 l\u2019\u00e9quipement informatique que vous utilisez. Ces renseignements personnels sont conserv\u00e9s par la Clinique seulement pour des fins techniques et statistiques reli\u00e9es au rendement de notre site Internet.<\/p>\n<p>Les renseignements vis\u00e9s sont les suivants :<\/p>\n<ul>\n<li>le nom de domaine de votre fournisseur d\u2019acc\u00e8s \u00e0 Internet;<\/li>\n<li>votre adresse IP;<\/li>\n<li>votre navigateur (Explorer, Firefox, etc.);<\/li>\n<li>votre syst\u00e8me d\u2019exploitation (Windows, Mac OS, etc.);<\/li>\n<li>la date et l\u2019heure de votre visite;<\/li>\n<li>les pages Internet consult\u00e9es.<\/li>\n<\/ul>\n<p>Utilisation de t\u00e9moin de connexion<\/p>\n<p>La clinique ne conserve aucun t\u00e9moin de connexion (commun\u00e9ment appel\u00e9 \u00ab cookie \u00bb) de fa\u00e7on permanente. Seul un t\u00e9moin de connexion temporaire est utilis\u00e9 lors de votre visite sur notre site afin d\u2019am\u00e9liorer la performance de certaines fonctionnalit\u00e9s qui y sont pr\u00e9sentes.<\/p>\n<p>Vous avez la possibilit\u00e9 de d\u00e9sactiver vos t\u00e9moins de connexion via votre navigateur Web. Toutefois, cette d\u00e9sactivation peut avoir pour effet de restreindre certaines fonctionnalit\u00e9s de notre site Internet.<\/p>\n<p><strong>Renseignements personnels transmis volontairement par courriel ou par le formulaire<\/strong><\/p>\n<p>Les renseignements personnels que vous nous communiquez volontairement par courriel ou par le formulaire de contact de notre site Internet, tels votre nom et votre adresse courriel, ne seront utilis\u00e9s que pour permettre au personnel de la clinique de vous r\u00e9pondre ou de donner suite \u00e0 votre demande, et ne seront pas conserv\u00e9s.<\/p>\n<p><strong>Engagement de confidentialit\u00e9<\/strong><\/p>\n<p>Tous les employ\u00e9s de la clinique ont sign\u00e9 un engagement de confidentialit\u00e9.<\/p>\n<p><strong>Responsable de la Politique de confidentialit\u00e9<\/strong><\/p>\n<p>Pour toute question concernant la pr\u00e9sente politique, ou pour toute plainte relativement au non-respect de celle-ci, veuillez communiquer avec <u>Chooljian, Kareni<\/u> (nom de la personnels), responsable de la protection des renseignements personnels, par \u00e9crit \u00e0.<sup>1<\/sup><\/p>\n<p><sup>1<\/sup> Art. 124 Loi 25\/ 32 LPRPSP<\/p>\n<\/div><\/div><\/div><\/div><\/div>\n","protected":false},"excerpt":{"rendered":"","protected":false},"author":2,"featured_media":0,"parent":0,"menu_order":0,"comment_status":"closed","ping_status":"closed","template":"","meta":{"footnotes":""},"class_list":["post-810","page","type-page","status-publish","hentry"],"yoast_head":"<!-- This site is optimized with the Yoast SEO plugin v27.3 - https:\/\/yoast.com\/product\/yoast-seo-wordpress\/ -->\n<title>Politique de confidentialit\u00e9 \u2013 Clinique Dentaire Confident<\/title>\n<meta name=\"description\" content=\"Lisez la politique de confidentialit\u00e9 de la Clinique Dentaire Confident pour comprendre comment nous prot\u00e9geons vos informations personnelles et garantissons votre vie priv\u00e9e.\" \/>\n<meta name=\"robots\" content=\"index, follow, max-snippet:-1, max-image-preview:large, max-video-preview:-1\" \/>\n<link rel=\"canonical\" href=\"https:\/\/www.cliniquedentaireconfident.com\/fr\/politique-de-confidentialite\/\" \/>\n<meta property=\"og:locale\" content=\"fr_FR\" \/>\n<meta property=\"og:type\" content=\"article\" \/>\n<meta property=\"og:title\" content=\"Politique de confidentialit\u00e9 \u2013 Clinique Dentaire Confident\" \/>\n<meta property=\"og:description\" content=\"Lisez la politique de confidentialit\u00e9 de la Clinique Dentaire Confident pour comprendre comment nous prot\u00e9geons vos informations personnelles et garantissons votre vie priv\u00e9e.\" \/>\n<meta property=\"og:url\" content=\"https:\/\/www.cliniquedentaireconfident.com\/fr\/politique-de-confidentialite\/\" \/>\n<meta property=\"og:site_name\" content=\"Clinique Dentaire Confident\" \/>\n<meta property=\"article:publisher\" content=\"https:\/\/www.facebook.com\/profile.php?id=61551934724638\" \/>\n<meta property=\"article:modified_time\" content=\"2025-03-27T09:17:47+00:00\" \/>\n<meta name=\"twitter:card\" content=\"summary_large_image\" \/>\n<meta name=\"twitter:label1\" content=\"Dur\u00e9e de lecture estim\u00e9e\" \/>\n\t<meta name=\"twitter:data1\" content=\"2 minutes\" \/>\n<script type=\"application\/ld+json\" class=\"yoast-schema-graph\">{\"@context\":\"https:\\\/\\\/schema.org\",\"@graph\":[{\"@type\":\"WebPage\",\"@id\":\"https:\\\/\\\/www.cliniquedentaireconfident.com\\\/fr\\\/politique-de-confidentialite\\\/\",\"url\":\"https:\\\/\\\/www.cliniquedentaireconfident.com\\\/fr\\\/politique-de-confidentialite\\\/\",\"name\":\"Politique de confidentialit\u00e9 \u2013 Clinique Dentaire Confident\",\"isPartOf\":{\"@id\":\"https:\\\/\\\/www.cliniquedentaireconfident.com\\\/#website\"},\"datePublished\":\"2025-01-15T20:13:34+00:00\",\"dateModified\":\"2025-03-27T09:17:47+00:00\",\"description\":\"Lisez la politique de confidentialit\u00e9 de la Clinique Dentaire Confident pour comprendre comment nous prot\u00e9geons vos informations personnelles et garantissons votre vie priv\u00e9e.\",\"breadcrumb\":{\"@id\":\"https:\\\/\\\/www.cliniquedentaireconfident.com\\\/fr\\\/politique-de-confidentialite\\\/#breadcrumb\"},\"inLanguage\":\"fr-FR\",\"potentialAction\":[{\"@type\":\"ReadAction\",\"target\":[\"https:\\\/\\\/www.cliniquedentaireconfident.com\\\/fr\\\/politique-de-confidentialite\\\/\"]}]},{\"@type\":\"BreadcrumbList\",\"@id\":\"https:\\\/\\\/www.cliniquedentaireconfident.com\\\/fr\\\/politique-de-confidentialite\\\/#breadcrumb\",\"itemListElement\":[{\"@type\":\"ListItem\",\"position\":1,\"name\":\"Home\",\"item\":\"https:\\\/\\\/www.cliniquedentaireconfident.com\\\/fr\\\/\"},{\"@type\":\"ListItem\",\"position\":2,\"name\":\"politique de confidentialit\u00e9\"}]},{\"@type\":\"WebSite\",\"@id\":\"https:\\\/\\\/www.cliniquedentaireconfident.com\\\/#website\",\"url\":\"https:\\\/\\\/www.cliniquedentaireconfident.com\\\/\",\"name\":\"Clinique Dentaire Confident\",\"description\":\"\",\"publisher\":{\"@id\":\"https:\\\/\\\/www.cliniquedentaireconfident.com\\\/#organization\"},\"potentialAction\":[{\"@type\":\"SearchAction\",\"target\":{\"@type\":\"EntryPoint\",\"urlTemplate\":\"https:\\\/\\\/www.cliniquedentaireconfident.com\\\/?s={search_term_string}\"},\"query-input\":{\"@type\":\"PropertyValueSpecification\",\"valueRequired\":true,\"valueName\":\"search_term_string\"}}],\"inLanguage\":\"fr-FR\"},{\"@type\":\"Organization\",\"@id\":\"https:\\\/\\\/www.cliniquedentaireconfident.com\\\/#organization\",\"name\":\"Clinique Dentaire Confident\",\"url\":\"https:\\\/\\\/www.cliniquedentaireconfident.com\\\/\",\"logo\":{\"@type\":\"ImageObject\",\"inLanguage\":\"fr-FR\",\"@id\":\"https:\\\/\\\/www.cliniquedentaireconfident.com\\\/#\\\/schema\\\/logo\\\/image\\\/\",\"url\":\"https:\\\/\\\/www.cliniquedentaireconfident.com\\\/wp-content\\\/uploads\\\/2025\\\/02\\\/ConfiDent_Dental.svg\",\"contentUrl\":\"https:\\\/\\\/www.cliniquedentaireconfident.com\\\/wp-content\\\/uploads\\\/2025\\\/02\\\/ConfiDent_Dental.svg\",\"width\":839,\"height\":509,\"caption\":\"Clinique Dentaire Confident\"},\"image\":{\"@id\":\"https:\\\/\\\/www.cliniquedentaireconfident.com\\\/#\\\/schema\\\/logo\\\/image\\\/\"},\"sameAs\":[\"https:\\\/\\\/www.facebook.com\\\/profile.php?id=61551934724638\"]}]}<\/script>\n<!-- \/ Yoast SEO plugin. -->","yoast_head_json":{"title":"Politique de confidentialit\u00e9 \u2013 Clinique Dentaire Confident","description":"Lisez la politique de confidentialit\u00e9 de la Clinique Dentaire Confident pour comprendre comment nous prot\u00e9geons vos informations personnelles et garantissons votre vie priv\u00e9e.","robots":{"index":"index","follow":"follow","max-snippet":"max-snippet:-1","max-image-preview":"max-image-preview:large","max-video-preview":"max-video-preview:-1"},"canonical":"https:\/\/www.cliniquedentaireconfident.com\/fr\/politique-de-confidentialite\/","og_locale":"fr_FR","og_type":"article","og_title":"Politique de confidentialit\u00e9 \u2013 Clinique Dentaire Confident","og_description":"Lisez la politique de confidentialit\u00e9 de la Clinique Dentaire Confident pour comprendre comment nous prot\u00e9geons vos informations personnelles et garantissons votre vie priv\u00e9e.","og_url":"https:\/\/www.cliniquedentaireconfident.com\/fr\/politique-de-confidentialite\/","og_site_name":"Clinique Dentaire Confident","article_publisher":"https:\/\/www.facebook.com\/profile.php?id=61551934724638","article_modified_time":"2025-03-27T09:17:47+00:00","twitter_card":"summary_large_image","twitter_misc":{"Dur\u00e9e de lecture estim\u00e9e":"2 minutes"},"schema":{"@context":"https:\/\/schema.org","@graph":[{"@type":"WebPage","@id":"https:\/\/www.cliniquedentaireconfident.com\/fr\/politique-de-confidentialite\/","url":"https:\/\/www.cliniquedentaireconfident.com\/fr\/politique-de-confidentialite\/","name":"Politique de confidentialit\u00e9 \u2013 Clinique Dentaire Confident","isPartOf":{"@id":"https:\/\/www.cliniquedentaireconfident.com\/#website"},"datePublished":"2025-01-15T20:13:34+00:00","dateModified":"2025-03-27T09:17:47+00:00","description":"Lisez la politique de confidentialit\u00e9 de la Clinique Dentaire Confident pour comprendre comment nous prot\u00e9geons vos informations personnelles et garantissons votre vie priv\u00e9e.","breadcrumb":{"@id":"https:\/\/www.cliniquedentaireconfident.com\/fr\/politique-de-confidentialite\/#breadcrumb"},"inLanguage":"fr-FR","potentialAction":[{"@type":"ReadAction","target":["https:\/\/www.cliniquedentaireconfident.com\/fr\/politique-de-confidentialite\/"]}]},{"@type":"BreadcrumbList","@id":"https:\/\/www.cliniquedentaireconfident.com\/fr\/politique-de-confidentialite\/#breadcrumb","itemListElement":[{"@type":"ListItem","position":1,"name":"Home","item":"https:\/\/www.cliniquedentaireconfident.com\/fr\/"},{"@type":"ListItem","position":2,"name":"politique de confidentialit\u00e9"}]},{"@type":"WebSite","@id":"https:\/\/www.cliniquedentaireconfident.com\/#website","url":"https:\/\/www.cliniquedentaireconfident.com\/","name":"Clinique Dentaire Confident","description":"","publisher":{"@id":"https:\/\/www.cliniquedentaireconfident.com\/#organization"},"potentialAction":[{"@type":"SearchAction","target":{"@type":"EntryPoint","urlTemplate":"https:\/\/www.cliniquedentaireconfident.com\/?s={search_term_string}"},"query-input":{"@type":"PropertyValueSpecification","valueRequired":true,"valueName":"search_term_string"}}],"inLanguage":"fr-FR"},{"@type":"Organization","@id":"https:\/\/www.cliniquedentaireconfident.com\/#organization","name":"Clinique Dentaire Confident","url":"https:\/\/www.cliniquedentaireconfident.com\/","logo":{"@type":"ImageObject","inLanguage":"fr-FR","@id":"https:\/\/www.cliniquedentaireconfident.com\/#\/schema\/logo\/image\/","url":"https:\/\/www.cliniquedentaireconfident.com\/wp-content\/uploads\/2025\/02\/ConfiDent_Dental.svg","contentUrl":"https:\/\/www.cliniquedentaireconfident.com\/wp-content\/uploads\/2025\/02\/ConfiDent_Dental.svg","width":839,"height":509,"caption":"Clinique Dentaire Confident"},"image":{"@id":"https:\/\/www.cliniquedentaireconfident.com\/#\/schema\/logo\/image\/"},"sameAs":["https:\/\/www.facebook.com\/profile.php?id=61551934724638"]}]}},"_links":{"self":[{"href":"https:\/\/www.cliniquedentaireconfident.com\/fr\/wp-json\/wp\/v2\/pages\/810","targetHints":{"allow":["GET"]}}],"collection":[{"href":"https:\/\/www.cliniquedentaireconfident.com\/fr\/wp-json\/wp\/v2\/pages"}],"about":[{"href":"https:\/\/www.cliniquedentaireconfident.com\/fr\/wp-json\/wp\/v2\/types\/page"}],"author":[{"embeddable":true,"href":"https:\/\/www.cliniquedentaireconfident.com\/fr\/wp-json\/wp\/v2\/users\/2"}],"replies":[{"embeddable":true,"href":"https:\/\/www.cliniquedentaireconfident.com\/fr\/wp-json\/wp\/v2\/comments?post=810"}],"version-history":[{"count":0,"href":"https:\/\/www.cliniquedentaireconfident.com\/fr\/wp-json\/wp\/v2\/pages\/810\/revisions"}],"wp:attachment":[{"href":"https:\/\/www.cliniquedentaireconfident.com\/fr\/wp-json\/wp\/v2\/media?parent=810"}],"curies":[{"name":"wp","href":"https:\/\/api.w.org\/{rel}","templated":true}]}}