{"id":813,"date":"2025-01-27T03:02:14","date_gmt":"2025-01-27T08:02:14","guid":{"rendered":"https:\/\/e7dba47da4.nxcli.io\/?page_id=813"},"modified":"2025-03-17T11:19:08","modified_gmt":"2025-03-17T15:19:08","slug":"conditions-generales","status":"publish","type":"page","link":"https:\/\/www.cliniquedentaireconfident.com\/fr\/conditions-generales\/","title":{"rendered":"Conditions g\u00e9n\u00e9rales"},"content":{"rendered":"<div class=\"fusion-fullwidth fullwidth-box fusion-builder-row-1 fusion-flex-container has-pattern-background has-mask-background nonhundred-percent-fullwidth non-hundred-percent-height-scrolling fusion-animated\" style=\"--awb-border-radius-top-left:0px;--awb-border-radius-top-right:0px;--awb-border-radius-bottom-right:0px;--awb-border-radius-bottom-left:0px;--awb-padding-top:40px;--awb-padding-bottom:40px;--awb-flex-wrap:wrap;\" data-animationType=\"fadeInUp\" data-animationDuration=\"0.3\" data-animationOffset=\"top-into-view\" ><div class=\"fusion-builder-row fusion-row fusion-flex-align-items-flex-start fusion-flex-content-wrap\" style=\"max-width:1216.8px;margin-left: calc(-4% \/ 2 );margin-right: calc(-4% \/ 2 );\"><div class=\"fusion-layout-column fusion_builder_column fusion-builder-column-0 fusion_builder_column_1_1 1_1 fusion-flex-column\" style=\"--awb-bg-size:cover;--awb-width-large:100%;--awb-margin-top-large:0px;--awb-spacing-right-large:1.92%;--awb-margin-bottom-large:0px;--awb-spacing-left-large:1.92%;--awb-width-medium:100%;--awb-spacing-right-medium:1.92%;--awb-spacing-left-medium:1.92%;--awb-width-small:100%;--awb-spacing-right-small:1.92%;--awb-spacing-left-small:1.92%;\"><div class=\"fusion-column-wrapper fusion-flex-justify-content-flex-start fusion-content-layout-column\"><div class=\"fusion-text fusion-text-1\"><h4>SITE WEB ET COMMUNICATIONS \u00c9LECTRONIQUES DE LA CLINIQUE DENTAIRE CONFIDENT<\/h4>\n<p class=\"padl15\">La protection de la confidentialit\u00e9 de vos informations personnelles est d&rsquo;une importance vitale pour la Clinique Dentaire Confident. Cette politique d\u00e9crit la mani\u00e8re dont la Clinique Dentaire Confident entend recueillir, utiliser et divulguer les informations personnelles que vous pourriez fournir par le biais de votre utilisation du site Web de la Clinique Dentaire Confident. <a class=\"linku\" href=\"https:\/\/www.cliniquedentaireconfident.com\/\">https:\/\/www.cliniquedentaireconfident.com\/<\/a> (le \u00ab Site \u00bb) ainsi que ses publications \u00e9lectroniques, ses bulletins d\u2019information et ses communiqu\u00e9s de presse (\u00ab Communications \u00e9lectroniques \u00bb). Les informations personnelles que vous nous fournissez par l\u2019interm\u00e9diaire du Site seront trait\u00e9es avec soin et, sous r\u00e9serve des dispositions de la pr\u00e9sente politique, ne seront pas utilis\u00e9es ou divulgu\u00e9es d\u2019une mani\u00e8re contraire au consentement que vous avez accord\u00e9.<\/p>\n<p class=\"padl15\">En utilisant le site, vous signifiez votre consentement \u00e0 la collecte, \u00e0 l\u2019utilisation et \u00e0 la divulgation de vos renseignements personnels conform\u00e9ment \u00e0 cette politique.<\/p>\n<h4>INFORMATIONS COLLECT\u00c9ES AUTOMATIQUEMENT<\/h4>\n<ol>\n<li><strong>Informations non personnellement identifiables<\/strong><br \/>\nComme de nombreux autres sites Web, le Site peut collecter automatiquement certaines donn\u00e9es non identifiables concernant les utilisateurs du Site telles que l&rsquo;adresse IP (Internet Protocol) qui identifie votre ordinateur, l&rsquo;adresse IP de votre fournisseur d&rsquo;acc\u00e8s Internet, la date et l&rsquo;heure auxquelles vous avez acc\u00e9d\u00e9 au Site, l&rsquo;adresse Web Internet \u00e0 partir de laquelle vous vous \u00eates connect\u00e9 directement au Site, le syst\u00e8me d&rsquo;exploitation que vous utilisez, les sections du Site que vous visitez, les pages Web et les images que vous consultez, ainsi que tous les documents que vous publiez ou t\u00e9l\u00e9chargez \u00e0 partir du Site. Les informations d\u00e9personnalis\u00e9es sont utilis\u00e9es pour l&rsquo;administration du syst\u00e8me et du site Web et en vue d&rsquo;am\u00e9liorer le Site. Les informations d\u00e9personnalis\u00e9es vous concernant peuvent \u00eatre divulgu\u00e9es \u00e0 des tiers et archiv\u00e9es pour une utilisation ult\u00e9rieure.<\/li>\n<li><strong>Cookies<\/strong><br \/>\nLe Site peut utiliser des \u00ab cookies \u00bb, une technologie qui stocke des donn\u00e9es sur l\u2019ordinateur d\u2019un utilisateur du Site afin de reconna\u00eetre cet utilisateur lors de ses prochaines visites \u00e0 partir de l\u2019ordinateur. Les cookies sont con\u00e7us pour am\u00e9liorer l\u2019efficacit\u00e9 et l\u2019utilisation du site Web. Vous pouvez choisir de refuser les cookies si votre navigateur le permet ; cependant, cette d\u00e9cision peut affecter la fa\u00e7on dont vous pouvez utiliser le Site ainsi que votre capacit\u00e9 \u00e0 acc\u00e9der \u00e0 certaines de ses fonctions.<\/li>\n<li><strong>Les informations personnelles que vous fournissez sur le Site<\/strong><br \/>\n<strong>Vos informations personnelles<\/strong><br \/>\nLors de votre utilisation du Site, il pourra vous \u00eatre demand\u00e9 de fournir volontairement certains types d&rsquo;informations personnelles (par exemple, votre nom, votre adresse \u00e9lectronique, votre adresse postale et votre num\u00e9ro de t\u00e9l\u00e9phone). Cela nous permettra de vous contacter plus facilement ou de vous permettre d&rsquo;acc\u00e9der \u00e0 certaines fonctionnalit\u00e9s ou sections du Site.<\/li>\n<\/ol>\n<h4>CONFIDENTIALIT\u00c9 DES INFORMATIONS PERSONNELLES<\/h4>\n<ol>\n<li><strong>Utilisation de vos informations personnelles<\/strong><br \/>\nClinique Dentaire Confident peut utiliser vos renseignements personnels pour communiquer et correspondre avec vous, r\u00e9pondre \u00e0 vos demandes de renseignements ou pour toute autre raison permise par la loi. En g\u00e9n\u00e9ral, Clinique Dentaire Confident consid\u00e9rera le fait que vous avez volontairement visit\u00e9 le Site et fourni des informations pr\u00e9liminaires \u00e0 Clinique Dentaire Confident comme signifiant votre consentement \u00e0 l&rsquo;utilisation de ces informations comme moyen de suivi des communications avec vous et pour transmettre des informations telles que des communications \u00e9lectroniques sur l&rsquo;entreprise qui pourraient vous int\u00e9resser ou que vous pourriez trouver utiles.<\/li>\n<li><strong>Messages \u00e9lectroniques de la Clinique Dentaire Confident<\/strong><br \/>\nSi vous fournissez votre adresse e-mail et votre consentement, Clinique Dentaire Confident peut vous envoyer p\u00e9riodiquement des e-mails sur l&rsquo;entreprise ou sur tout autre sujet qui, selon Clinique Dentaire Confident, pourrait vous int\u00e9resser. Vous pouvez demander \u00e0 Clinique Dentaire Confident de cesser de vous envoyer ces messages et\/ou d&rsquo;autres informations \u00e0 tout moment en contactant\u00a0<a href=\"mailto:info@cliniquedentaireconfident.com\">info@cliniquedentaireconfident.com<\/a>.<\/li>\n<li><strong>Informations de suivi<\/strong><br \/>\nEn outre, Clinique Dentaire Confident peut utiliser des informations d\u00e9personnalis\u00e9es pour cr\u00e9er des rapports d\u2019informations de suivi agr\u00e9g\u00e9s concernant les donn\u00e9es d\u00e9mographiques des utilisateurs du site Web et les mod\u00e8les de trafic sur le site. Aucune des informations de suivi contenues dans les rapports ne peut \u00eatre li\u00e9e \u00e0 l\u2019identit\u00e9 ou \u00e0 d\u2019autres informations personnelles des utilisateurs individuels. Clinique Dentaire Confident peut \u00e9galement lier les informations de suivi aux informations personnelles des utilisateurs du site. Une fois un tel lien \u00e9tabli, toutes les informations li\u00e9es sont trait\u00e9es comme des informations personnelles et ne seront utilis\u00e9es et divulgu\u00e9es que conform\u00e9ment \u00e0 la pr\u00e9sente politique et \u00e0 la loi.<\/li>\n<li><strong>Divulgation de renseignements personnels<\/strong><br \/>\nLa Clinique Dentaire Confident peut divulguer vos renseignements \u00e0 des organismes gouvernementaux qui ont fait valoir leur autorit\u00e9 l\u00e9gale pour obtenir ces renseignements, ou pour se conformer \u00e0 une assignation \u00e0 compara\u00eetre, un mandat ou une ordonnance \u00e9mise par un tribunal, une personne ou un organisme ayant comp\u00e9tence pour contraindre \u00e0 la production de renseignements, ou pour se conformer aux r\u00e8gles du tribunal concernant la production de dossiers ou de renseignements, ou pour prot\u00e9ger les droits et la propri\u00e9t\u00e9 de la Clinique Dentaire Confident. Si la Clinique Dentaire Confident est impliqu\u00e9e dans une fusion ou une autre r\u00e9organisation, la Clinique Dentaire Confident peut divulguer vos renseignements personnels \u00e0 l\u2019organisation r\u00e9sultant de cette fusion.<\/li>\n<li><strong>S\u00e9curiser vos informations<\/strong><br \/>\nPour prot\u00e9ger la confidentialit\u00e9 de vos renseignements personnels, la Clinique Dentaire Confident utilise des mesures de s\u00e9curit\u00e9 adapt\u00e9es \u00e0 la sensibilit\u00e9 des renseignements. N\u00e9anmoins, en raison de la nature d\u2019Internet et des technologies associ\u00e9es, les risques li\u00e9s \u00e0 la s\u00e9curit\u00e9 et \u00e0 la confidentialit\u00e9 ne peuvent \u00eatre totalement \u00e9limin\u00e9s, et la Clinique Dentaire Confident ne peut garantir que vos renseignements personnels ne seront pas divulgu\u00e9s d\u2019une mani\u00e8re contraire aux dispositions de la pr\u00e9sente politique.<\/li>\n<li><strong>Acc\u00e9der \u00e0 vos informations personnelles<\/strong><br \/>\nVous pouvez demander l\u2019acc\u00e8s \u00e0 vos donn\u00e9es personnelles et aux informations sur la collecte, l\u2019utilisation et la divulgation de ces informations par la Clinique Dentaire Confident en contactant la Clinique Dentaire Confident au\u00a0<a href=\"mailto:info@cliniquedentaireconfident.com\">info@cliniquedentaireconfident.com<\/a>. Sous r\u00e9serve de certaines exceptions pr\u00e9vues par la loi, vous b\u00e9n\u00e9ficierez d&rsquo;un acc\u00e8s raisonnable \u00e0 vos renseignements personnels. Vous avez \u00e9galement le droit de remettre en question la pertinence et l&rsquo;exactitude de ces renseignements et de les faire modifier si n\u00e9cessaire. Vous pouvez aider la Clinique Dentaire Confident \u00e0 maintenir l&rsquo;exactitude de vos renseignements en informant la Clinique Dentaire Confident de tout changement n\u00e9cessaire.<\/li>\n<li><strong>Responsable de la confidentialit\u00e9 des donn\u00e9es<\/strong><br \/>\nSi vous avez des questions concernant notre utilisation de vos informations personnelles, veuillez envoyer un e-mail \u00e0 notre responsable de la protection des donn\u00e9es \u00e0 l&rsquo;adresse <a href=\"mailto:info@cliniquedentaireconfident.com\">info@cliniquedentaireconfident.com<\/a>.<\/li>\n<\/ol>\n<h4>AUTRES QUESTIONS<\/h4>\n<ol>\n<li><strong>Autres sites Web<\/strong><br \/>\nLe Site peut contenir des liens vers d&rsquo;autres sites Web ou ressources Internet. Lorsque vous cliquez sur l&rsquo;un de ces liens, vous entrez en contact avec un autre site Web ou une autre ressource Internet susceptible de recueillir des informations vous concernant de mani\u00e8re volontaire ou par le biais de cookies ou d&rsquo;autres technologies. Clinique Dentaire Confident n&rsquo;a aucune responsabilit\u00e9 ni aucun contr\u00f4le sur ces autres sites Web et ressources Internet en ce qui concerne leur collecte, leur utilisation ou leur divulgation de vos informations personnelles.<\/li>\n<li><strong>Accord d&rsquo;utilisation du site Web<\/strong><br \/>\nLa convention d&rsquo;utilisation du site Web (qui peut \u00eatre consult\u00e9e en cliquant ici) r\u00e9gissant votre utilisation du site comprend des dispositions importantes qui d\u00e9clinent et excluent la responsabilit\u00e9 de Clinique Dentaire Confident et des tiers concernant votre utilisation du site, ainsi que des dispositions d\u00e9terminant la loi applicable et la juridiction exclusive pour la r\u00e9solution de tout litige pouvant d\u00e9couler d&rsquo;une telle utilisation. Chacune de ces dispositions s&rsquo;applique \u00e9galement \u00e0 tout litige pouvant survenir en relation avec la pr\u00e9sente politique et avec la collecte, l&rsquo;utilisation et la divulgation de vos renseignements personnels, et ont la m\u00eame force et le m\u00eame effet que si elles avaient \u00e9t\u00e9 reproduites directement dans la pr\u00e9sente politique.<\/li>\n<li><strong>Anciens utilisateurs<\/strong><br \/>\nSi vous cessez d&rsquo;utiliser le Site ou si votre autorisation d&rsquo;utiliser le Site est r\u00e9sili\u00e9e par Clinique Dentaire Confident, Clinique Dentaire Confident peut continuer \u00e0 utiliser ou \u00e0 divulguer vos informations personnelles conform\u00e9ment \u00e0 la pr\u00e9sente Politique, telle que modifi\u00e9e de temps \u00e0 autre et sous r\u00e9serve du respect de la loi.<\/li>\n<li><strong>Modifications de la politique de confidentialit\u00e9<\/strong><br \/>\nLa pr\u00e9sente politique peut occasionnellement \u00eatre modifi\u00e9e par la Clinique Dentaire Confident \u00e0 sa seule discr\u00e9tion, sans pr\u00e9avis ni responsabilit\u00e9 envers vous ou toute autre personne. La collecte, l\u2019utilisation et la divulgation de vos renseignements personnels par la Clinique Dentaire Confident seront r\u00e9gies par la version de la pr\u00e9sente politique en vigueur \u00e0 ce moment-l\u00e0. Les nouvelles versions de la pr\u00e9sente politique seront publi\u00e9es ici. Votre utilisation continue du site et la r\u00e9ception ou la demande de toute communication \u00e9lectronique apr\u00e8s toute modification de la pr\u00e9sente politique signifieront que vous consentez \u00e0 la collecte, \u00e0 l\u2019utilisation ou \u00e0 la divulgation de renseignements personnels conform\u00e9ment \u00e0 la politique modifi\u00e9e. Il est de votre responsabilit\u00e9 de v\u00e9rifier la date de la pr\u00e9sente politique et d\u2019examiner les modifications qui pourraient avoir \u00e9t\u00e9 apport\u00e9es depuis la version pr\u00e9c\u00e9dente.<\/li>\n<li><strong>Communications \u00e9lectroniques en g\u00e9n\u00e9ral<\/strong><br \/>\nLes communications \u00e9lectroniques ne doivent pas \u00eatre interpr\u00e9t\u00e9es comme des conseils professionnels. Les communications \u00e9lectroniques sont destin\u00e9es \u00e0 donner acc\u00e8s \u00e0 des informations et \u00e0 des connaissances d&rsquo;int\u00e9r\u00eat g\u00e9n\u00e9ral, et non \u00e0 aborder vos faits ou circonstances particuliers. Si la communication \u00e9lectronique soul\u00e8ve un point d&rsquo;int\u00e9r\u00eat, n&rsquo;h\u00e9sitez pas \u00e0 contacter Clinique Dentaire Confident pour organiser une consultation avec un professionnel travaillant \u00e0 Clinique Dentaire Confident.<\/li>\n<li><strong>Vos commentaires<\/strong><br \/>\nLes commentaires ou questions concernant cette politique ou vos informations personnelles peuvent \u00eatre envoy\u00e9s \u00e0 Clinique Dentaire Confident \u00e0 l&rsquo;adresse suivante :<\/li>\n<li><strong>Clinique Dentaire Confident<\/strong><br \/>\n4990 rue de Salaberry\u00c0, Montr\u00e9al, Qc. H4J2P1<br \/>\nT\u00e9l\u00e9phone: <a href=\"tel:5144192909\">(514) 419-2909<\/a><br \/>\nE-mail: <a class=\"linku\" href=\"mailto:info@cliniquedentaireconfident.com\">info@cliniquedentaireconfident.com<\/a><\/li>\n<\/ol>\n<\/div><\/div><\/div><\/div><\/div>\n","protected":false},"excerpt":{"rendered":"","protected":false},"author":2,"featured_media":0,"parent":0,"menu_order":0,"comment_status":"closed","ping_status":"closed","template":"100-width.php","meta":{"footnotes":""},"class_list":["post-813","page","type-page","status-publish","hentry"],"yoast_head":"<!-- This site is optimized with the Yoast SEO plugin v27.3 - https:\/\/yoast.com\/product\/yoast-seo-wordpress\/ -->\n<title>Termes et conditions \u2013 Clinique Dentaire Confident<\/title>\n<meta name=\"description\" content=\"Consultez les termes et conditions de la Clinique Dentaire Confident pour des informations importantes concernant nos services et nos politiques.\" \/>\n<meta name=\"robots\" content=\"index, follow, max-snippet:-1, max-image-preview:large, max-video-preview:-1\" \/>\n<link rel=\"canonical\" href=\"https:\/\/www.cliniquedentaireconfident.com\/fr\/conditions-generales\/\" \/>\n<meta property=\"og:locale\" content=\"fr_FR\" \/>\n<meta property=\"og:type\" content=\"article\" \/>\n<meta property=\"og:title\" content=\"Termes et conditions \u2013 Clinique Dentaire Confident\" \/>\n<meta property=\"og:description\" content=\"Consultez les termes et conditions de la Clinique Dentaire Confident pour des informations importantes concernant nos services et nos politiques.\" \/>\n<meta property=\"og:url\" content=\"https:\/\/www.cliniquedentaireconfident.com\/fr\/conditions-generales\/\" \/>\n<meta property=\"og:site_name\" content=\"Clinique Dentaire Confident\" \/>\n<meta property=\"article:publisher\" content=\"https:\/\/www.facebook.com\/profile.php?id=61551934724638\" \/>\n<meta property=\"article:modified_time\" content=\"2025-03-17T15:19:08+00:00\" \/>\n<meta name=\"twitter:card\" content=\"summary_large_image\" \/>\n<meta name=\"twitter:label1\" content=\"Dur\u00e9e de lecture estim\u00e9e\" \/>\n\t<meta name=\"twitter:data1\" content=\"7 minutes\" \/>\n<script type=\"application\/ld+json\" class=\"yoast-schema-graph\">{\"@context\":\"https:\\\/\\\/schema.org\",\"@graph\":[{\"@type\":\"WebPage\",\"@id\":\"https:\\\/\\\/www.cliniquedentaireconfident.com\\\/fr\\\/conditions-generales\\\/\",\"url\":\"https:\\\/\\\/www.cliniquedentaireconfident.com\\\/fr\\\/conditions-generales\\\/\",\"name\":\"Termes et conditions \u2013 Clinique Dentaire Confident\",\"isPartOf\":{\"@id\":\"https:\\\/\\\/www.cliniquedentaireconfident.com\\\/#website\"},\"datePublished\":\"2025-01-27T08:02:14+00:00\",\"dateModified\":\"2025-03-17T15:19:08+00:00\",\"description\":\"Consultez les termes et conditions de la Clinique Dentaire Confident pour des informations importantes concernant nos services et nos politiques.\",\"breadcrumb\":{\"@id\":\"https:\\\/\\\/www.cliniquedentaireconfident.com\\\/fr\\\/conditions-generales\\\/#breadcrumb\"},\"inLanguage\":\"fr-FR\",\"potentialAction\":[{\"@type\":\"ReadAction\",\"target\":[\"https:\\\/\\\/www.cliniquedentaireconfident.com\\\/fr\\\/conditions-generales\\\/\"]}]},{\"@type\":\"BreadcrumbList\",\"@id\":\"https:\\\/\\\/www.cliniquedentaireconfident.com\\\/fr\\\/conditions-generales\\\/#breadcrumb\",\"itemListElement\":[{\"@type\":\"ListItem\",\"position\":1,\"name\":\"Home\",\"item\":\"https:\\\/\\\/www.cliniquedentaireconfident.com\\\/fr\\\/\"},{\"@type\":\"ListItem\",\"position\":2,\"name\":\"Conditions g\u00e9n\u00e9rales\"}]},{\"@type\":\"WebSite\",\"@id\":\"https:\\\/\\\/www.cliniquedentaireconfident.com\\\/#website\",\"url\":\"https:\\\/\\\/www.cliniquedentaireconfident.com\\\/\",\"name\":\"Clinique Dentaire Confident\",\"description\":\"\",\"publisher\":{\"@id\":\"https:\\\/\\\/www.cliniquedentaireconfident.com\\\/#organization\"},\"potentialAction\":[{\"@type\":\"SearchAction\",\"target\":{\"@type\":\"EntryPoint\",\"urlTemplate\":\"https:\\\/\\\/www.cliniquedentaireconfident.com\\\/?s={search_term_string}\"},\"query-input\":{\"@type\":\"PropertyValueSpecification\",\"valueRequired\":true,\"valueName\":\"search_term_string\"}}],\"inLanguage\":\"fr-FR\"},{\"@type\":\"Organization\",\"@id\":\"https:\\\/\\\/www.cliniquedentaireconfident.com\\\/#organization\",\"name\":\"Clinique Dentaire Confident\",\"url\":\"https:\\\/\\\/www.cliniquedentaireconfident.com\\\/\",\"logo\":{\"@type\":\"ImageObject\",\"inLanguage\":\"fr-FR\",\"@id\":\"https:\\\/\\\/www.cliniquedentaireconfident.com\\\/#\\\/schema\\\/logo\\\/image\\\/\",\"url\":\"https:\\\/\\\/www.cliniquedentaireconfident.com\\\/wp-content\\\/uploads\\\/2025\\\/02\\\/ConfiDent_Dental.svg\",\"contentUrl\":\"https:\\\/\\\/www.cliniquedentaireconfident.com\\\/wp-content\\\/uploads\\\/2025\\\/02\\\/ConfiDent_Dental.svg\",\"width\":839,\"height\":509,\"caption\":\"Clinique Dentaire Confident\"},\"image\":{\"@id\":\"https:\\\/\\\/www.cliniquedentaireconfident.com\\\/#\\\/schema\\\/logo\\\/image\\\/\"},\"sameAs\":[\"https:\\\/\\\/www.facebook.com\\\/profile.php?id=61551934724638\"]}]}<\/script>\n<!-- \/ Yoast SEO plugin. -->","yoast_head_json":{"title":"Termes et conditions \u2013 Clinique Dentaire Confident","description":"Consultez les termes et conditions de la Clinique Dentaire Confident pour des informations importantes concernant nos services et nos politiques.","robots":{"index":"index","follow":"follow","max-snippet":"max-snippet:-1","max-image-preview":"max-image-preview:large","max-video-preview":"max-video-preview:-1"},"canonical":"https:\/\/www.cliniquedentaireconfident.com\/fr\/conditions-generales\/","og_locale":"fr_FR","og_type":"article","og_title":"Termes et conditions \u2013 Clinique Dentaire Confident","og_description":"Consultez les termes et conditions de la Clinique Dentaire Confident pour des informations importantes concernant nos services et nos politiques.","og_url":"https:\/\/www.cliniquedentaireconfident.com\/fr\/conditions-generales\/","og_site_name":"Clinique Dentaire Confident","article_publisher":"https:\/\/www.facebook.com\/profile.php?id=61551934724638","article_modified_time":"2025-03-17T15:19:08+00:00","twitter_card":"summary_large_image","twitter_misc":{"Dur\u00e9e de lecture estim\u00e9e":"7 minutes"},"schema":{"@context":"https:\/\/schema.org","@graph":[{"@type":"WebPage","@id":"https:\/\/www.cliniquedentaireconfident.com\/fr\/conditions-generales\/","url":"https:\/\/www.cliniquedentaireconfident.com\/fr\/conditions-generales\/","name":"Termes et conditions \u2013 Clinique Dentaire Confident","isPartOf":{"@id":"https:\/\/www.cliniquedentaireconfident.com\/#website"},"datePublished":"2025-01-27T08:02:14+00:00","dateModified":"2025-03-17T15:19:08+00:00","description":"Consultez les termes et conditions de la Clinique Dentaire Confident pour des informations importantes concernant nos services et nos politiques.","breadcrumb":{"@id":"https:\/\/www.cliniquedentaireconfident.com\/fr\/conditions-generales\/#breadcrumb"},"inLanguage":"fr-FR","potentialAction":[{"@type":"ReadAction","target":["https:\/\/www.cliniquedentaireconfident.com\/fr\/conditions-generales\/"]}]},{"@type":"BreadcrumbList","@id":"https:\/\/www.cliniquedentaireconfident.com\/fr\/conditions-generales\/#breadcrumb","itemListElement":[{"@type":"ListItem","position":1,"name":"Home","item":"https:\/\/www.cliniquedentaireconfident.com\/fr\/"},{"@type":"ListItem","position":2,"name":"Conditions g\u00e9n\u00e9rales"}]},{"@type":"WebSite","@id":"https:\/\/www.cliniquedentaireconfident.com\/#website","url":"https:\/\/www.cliniquedentaireconfident.com\/","name":"Clinique Dentaire Confident","description":"","publisher":{"@id":"https:\/\/www.cliniquedentaireconfident.com\/#organization"},"potentialAction":[{"@type":"SearchAction","target":{"@type":"EntryPoint","urlTemplate":"https:\/\/www.cliniquedentaireconfident.com\/?s={search_term_string}"},"query-input":{"@type":"PropertyValueSpecification","valueRequired":true,"valueName":"search_term_string"}}],"inLanguage":"fr-FR"},{"@type":"Organization","@id":"https:\/\/www.cliniquedentaireconfident.com\/#organization","name":"Clinique Dentaire Confident","url":"https:\/\/www.cliniquedentaireconfident.com\/","logo":{"@type":"ImageObject","inLanguage":"fr-FR","@id":"https:\/\/www.cliniquedentaireconfident.com\/#\/schema\/logo\/image\/","url":"https:\/\/www.cliniquedentaireconfident.com\/wp-content\/uploads\/2025\/02\/ConfiDent_Dental.svg","contentUrl":"https:\/\/www.cliniquedentaireconfident.com\/wp-content\/uploads\/2025\/02\/ConfiDent_Dental.svg","width":839,"height":509,"caption":"Clinique Dentaire Confident"},"image":{"@id":"https:\/\/www.cliniquedentaireconfident.com\/#\/schema\/logo\/image\/"},"sameAs":["https:\/\/www.facebook.com\/profile.php?id=61551934724638"]}]}},"_links":{"self":[{"href":"https:\/\/www.cliniquedentaireconfident.com\/fr\/wp-json\/wp\/v2\/pages\/813","targetHints":{"allow":["GET"]}}],"collection":[{"href":"https:\/\/www.cliniquedentaireconfident.com\/fr\/wp-json\/wp\/v2\/pages"}],"about":[{"href":"https:\/\/www.cliniquedentaireconfident.com\/fr\/wp-json\/wp\/v2\/types\/page"}],"author":[{"embeddable":true,"href":"https:\/\/www.cliniquedentaireconfident.com\/fr\/wp-json\/wp\/v2\/users\/2"}],"replies":[{"embeddable":true,"href":"https:\/\/www.cliniquedentaireconfident.com\/fr\/wp-json\/wp\/v2\/comments?post=813"}],"version-history":[{"count":0,"href":"https:\/\/www.cliniquedentaireconfident.com\/fr\/wp-json\/wp\/v2\/pages\/813\/revisions"}],"wp:attachment":[{"href":"https:\/\/www.cliniquedentaireconfident.com\/fr\/wp-json\/wp\/v2\/media?parent=813"}],"curies":[{"name":"wp","href":"https:\/\/api.w.org\/{rel}","templated":true}]}}