{"id":948,"date":"2025-01-27T06:29:22","date_gmt":"2025-01-27T11:29:22","guid":{"rendered":"https:\/\/e7dba47da4.nxcli.io\/?page_id=948"},"modified":"2025-03-17T10:54:42","modified_gmt":"2025-03-17T14:54:42","slug":"orthodontie","status":"publish","type":"page","link":"https:\/\/www.cliniquedentaireconfident.com\/fr\/orthodontie\/","title":{"rendered":"Orthodontie"},"content":{"rendered":"<p><div class=\"fusion-fullwidth fullwidth-box fusion-builder-row-1 fusion-flex-container has-pattern-background has-mask-background nonhundred-percent-fullwidth non-hundred-percent-height-scrolling fusion-animated\" style=\"--awb-border-radius-top-left:0px;--awb-border-radius-top-right:0px;--awb-border-radius-bottom-right:0px;--awb-border-radius-bottom-left:0px;--awb-padding-top:40px;--awb-padding-bottom:40px;--awb-flex-wrap:wrap;\" data-animationType=\"fadeInUp\" data-animationDuration=\"0.3\" data-animationOffset=\"top-into-view\" ><div class=\"fusion-builder-row fusion-row fusion-flex-align-items-center fusion-flex-justify-content-center fusion-flex-content-wrap\" style=\"max-width:1216.8px;margin-left: calc(-4% \/ 2 );margin-right: calc(-4% \/ 2 );\"><div class=\"fusion-layout-column fusion_builder_column fusion-builder-column-0 fusion_builder_column_1_2 1_2 fusion-flex-column\" style=\"--awb-bg-size:cover;--awb-width-large:50%;--awb-margin-top-large:0px;--awb-spacing-right-large:3.84%;--awb-margin-bottom-large:0px;--awb-spacing-left-large:3.84%;--awb-width-medium:50%;--awb-spacing-right-medium:3.84%;--awb-spacing-left-medium:3.84%;--awb-width-small:100%;--awb-spacing-right-small:1.92%;--awb-spacing-left-small:1.92%;\"><div class=\"fusion-column-wrapper fusion-flex-justify-content-flex-start fusion-content-layout-column\"><div class=\"fusion-image-element \" style=\"text-align:center;--awb-caption-title-font-family:var(--h2_typography-font-family);--awb-caption-title-font-weight:var(--h2_typography-font-weight);--awb-caption-title-font-style:var(--h2_typography-font-style);--awb-caption-title-size:var(--h2_typography-font-size);--awb-caption-title-transform:var(--h2_typography-text-transform);--awb-caption-title-line-height:var(--h2_typography-line-height);--awb-caption-title-letter-spacing:var(--h2_typography-letter-spacing);\"><span class=\" fusion-imageframe imageframe-none imageframe-1 hover-type-none\"><img decoding=\"async\" width=\"2124\" height=\"1416\" alt=\"What is orthodontics?\" title=\"What is orthodontics\" src=\"https:\/\/www.cliniquedentaireconfident.com\/wp-content\/uploads\/2025\/01\/What-is-orthodontics.jpg\" class=\"img-responsive wp-image-949\" srcset=\"https:\/\/www.cliniquedentaireconfident.com\/wp-content\/uploads\/2025\/01\/What-is-orthodontics-200x133.jpg 200w, https:\/\/www.cliniquedentaireconfident.com\/wp-content\/uploads\/2025\/01\/What-is-orthodontics-400x267.jpg 400w, https:\/\/www.cliniquedentaireconfident.com\/wp-content\/uploads\/2025\/01\/What-is-orthodontics-600x400.jpg 600w, https:\/\/www.cliniquedentaireconfident.com\/wp-content\/uploads\/2025\/01\/What-is-orthodontics-800x533.jpg 800w, https:\/\/www.cliniquedentaireconfident.com\/wp-content\/uploads\/2025\/01\/What-is-orthodontics-1200x800.jpg 1200w, https:\/\/www.cliniquedentaireconfident.com\/wp-content\/uploads\/2025\/01\/What-is-orthodontics.jpg 2124w\" sizes=\"(max-width: 900px) 100vw, 600px\" \/><\/span><\/div><\/div><\/div><div class=\"fusion-layout-column fusion_builder_column fusion-builder-column-1 fusion_builder_column_1_2 1_2 fusion-flex-column\" style=\"--awb-bg-size:cover;--awb-width-large:50%;--awb-margin-top-large:0px;--awb-spacing-right-large:3.84%;--awb-margin-bottom-large:0px;--awb-spacing-left-large:3.84%;--awb-width-medium:50%;--awb-spacing-right-medium:3.84%;--awb-spacing-left-medium:3.84%;--awb-width-small:100%;--awb-spacing-right-small:1.92%;--awb-spacing-left-small:1.92%;\"><div class=\"fusion-column-wrapper fusion-flex-justify-content-flex-start fusion-content-layout-column\"><div class=\"fusion-text fusion-text-1\"><h3>Qu\u2019est-ce que l\u2019orthodontie?<\/h3>\n<p>L\u2019orthodontie est une sp\u00e9cialisation de la m\u00e9decine dentaire qui concerne le diagnostic, l\u2019interception et le traitement de diverses probl\u00e9matiques reli\u00e9es \u00e0 l\u2019alignement des dents de m\u00eame qu\u2019au positionnement des m\u00e2choires. Les objectifs vis\u00e9s par l\u2019orthodontie sont \u00e0 la fois esth\u00e9tiques et fonctionnels : les traitements d\u2019orthodontie visent \u00e0 am\u00e9liorer l\u2019apparence globale de la dentition et \u00e0 corriger des probl\u00e8mes fonctionnels comme des malocclusions, par exemple, c\u2019est-\u00e0-dire de mauvaises relations entre les dents pouvant causer, entre autres, de la douleur, des probl\u00e8mes de mastication, de l\u2019usure pr\u00e9matur\u00e9e des dents et des difficult\u00e9s d\u2019\u00e9locution. Les interventions pratiqu\u00e9es en orthodontie comprennent :<\/p>\n<ul>\n<li>La pr\u00e9servation d\u2019espace \u00e0 la suite de la perte d\u2019une dent temporaire<\/li>\n<li>Les broches<\/li>\n<li>L\u2019orthodontie invisible (Invisalign\u00ae)<\/li>\n<li>L\u2019orthodontie interceptive (enfant)<\/li>\n<li>L\u2019orthodontie pour adultes<\/li>\n<li>L\u2019orthodontie pour adolescents<\/li>\n<li>Les mini-implants<\/li>\n<li>L\u2019expansion palatine<\/li>\n<li>La chirurgie orthognatique<\/li>\n<\/ul>\n<\/div><\/div><\/div><\/div><\/div><div class=\"fusion-fullwidth fullwidth-box fusion-builder-row-2 fusion-flex-container has-pattern-background has-mask-background nonhundred-percent-fullwidth non-hundred-percent-height-scrolling\" style=\"--awb-border-radius-top-left:0px;--awb-border-radius-top-right:0px;--awb-border-radius-bottom-right:0px;--awb-border-radius-bottom-left:0px;--awb-margin-top:45px;--awb-flex-wrap:wrap;\" ><div class=\"fusion-builder-row fusion-row fusion-flex-align-items-flex-start fusion-flex-content-wrap\" style=\"max-width:1216.8px;margin-left: calc(-4% \/ 2 );margin-right: calc(-4% \/ 2 );\"><div class=\"fusion-layout-column fusion_builder_column fusion-builder-column-2 fusion_builder_column_1_1 1_1 fusion-flex-column\" style=\"--awb-bg-size:cover;--awb-width-large:100%;--awb-margin-top-large:0px;--awb-spacing-right-large:1.92%;--awb-margin-bottom-large:0px;--awb-spacing-left-large:1.92%;--awb-width-medium:100%;--awb-order-medium:0;--awb-spacing-right-medium:1.92%;--awb-spacing-left-medium:1.92%;--awb-width-small:100%;--awb-order-small:0;--awb-spacing-right-small:1.92%;--awb-spacing-left-small:1.92%;\" data-motion-effects=\"[{&quot;type&quot;:&quot;&quot;,&quot;scroll_type&quot;:&quot;transition&quot;,&quot;scroll_direction&quot;:&quot;up&quot;,&quot;transition_speed&quot;:&quot;1&quot;,&quot;fade_type&quot;:&quot;in&quot;,&quot;scale_type&quot;:&quot;up&quot;,&quot;initial_scale&quot;:&quot;1&quot;,&quot;max_scale&quot;:&quot;1.5&quot;,&quot;min_scale&quot;:&quot;0.5&quot;,&quot;initial_rotate&quot;:&quot;0&quot;,&quot;end_rotate&quot;:&quot;30&quot;,&quot;initial_blur&quot;:&quot;0&quot;,&quot;end_blur&quot;:&quot;3&quot;,&quot;start_element&quot;:&quot;top&quot;,&quot;start_viewport&quot;:&quot;bottom&quot;,&quot;end_element&quot;:&quot;bottom&quot;,&quot;end_viewport&quot;:&quot;top&quot;,&quot;mouse_effect&quot;:&quot;track&quot;,&quot;mouse_effect_direction&quot;:&quot;opposite&quot;,&quot;mouse_effect_speed&quot;:&quot;2&quot;,&quot;infinite_animation&quot;:&quot;float&quot;,&quot;infinite_animation_speed&quot;:&quot;2&quot;}]\" data-scroll-devices=\"small-visibility,medium-visibility,large-visibility\"><div class=\"fusion-column-wrapper fusion-column-has-shadow fusion-flex-justify-content-flex-start fusion-content-layout-column\"><div style=\"text-align:center;\"><a class=\"fusion-button button-flat fusion-button-default-size button-default fusion-button-default button-1 fusion-button-default-span fusion-button-default-type homebook\" style=\"--button_margin-bottom:0px;\" target=\"_self\" href=\"https:\/\/www.cliniquedentaireconfident.com\/fr\/rendez-vous\/?book=Orthodontie\"><span class=\"fusion-button-text\">Prendre un rendez-vous<\/span><\/a><\/div><\/div><\/div><\/div><\/div><\/p>\n","protected":false},"excerpt":{"rendered":"","protected":false},"author":2,"featured_media":0,"parent":0,"menu_order":0,"comment_status":"closed","ping_status":"closed","template":"100-width.php","meta":{"footnotes":""},"class_list":["post-948","page","type-page","status-publish","hentry"],"yoast_head":"<!-- This site is optimized with the Yoast SEO plugin v27.3 - https:\/\/yoast.com\/product\/yoast-seo-wordpress\/ -->\n<title>Services d&#039;orthodontie \u2013 Clinique Dentaire Confident<\/title>\n<meta name=\"description\" content=\"Obtenez un sourire parfait avec les services d&#039;orthodontie \u00e0 la Clinique Dentaire Confident, comprenant des appareils dentaires et Invisalign pour tous les \u00e2ges.\" \/>\n<meta name=\"robots\" content=\"index, follow, max-snippet:-1, max-image-preview:large, max-video-preview:-1\" \/>\n<link rel=\"canonical\" href=\"https:\/\/www.cliniquedentaireconfident.com\/fr\/orthodontie\/\" \/>\n<meta property=\"og:locale\" content=\"fr_FR\" \/>\n<meta property=\"og:type\" content=\"article\" \/>\n<meta property=\"og:title\" content=\"Services d&#039;orthodontie \u2013 Clinique Dentaire Confident\" \/>\n<meta property=\"og:description\" content=\"Obtenez un sourire parfait avec les services d&#039;orthodontie \u00e0 la Clinique Dentaire Confident, comprenant des appareils dentaires et Invisalign pour tous les \u00e2ges.\" \/>\n<meta property=\"og:url\" content=\"https:\/\/www.cliniquedentaireconfident.com\/fr\/orthodontie\/\" \/>\n<meta property=\"og:site_name\" content=\"Clinique Dentaire Confident\" \/>\n<meta property=\"article:publisher\" content=\"https:\/\/www.facebook.com\/profile.php?id=61551934724638\" \/>\n<meta property=\"article:modified_time\" content=\"2025-03-17T14:54:42+00:00\" \/>\n<meta name=\"twitter:card\" content=\"summary_large_image\" \/>\n<meta name=\"twitter:label1\" content=\"Dur\u00e9e de lecture estim\u00e9e\" \/>\n\t<meta name=\"twitter:data1\" content=\"1 minute\" \/>\n<script type=\"application\/ld+json\" class=\"yoast-schema-graph\">{\"@context\":\"https:\\\/\\\/schema.org\",\"@graph\":[{\"@type\":\"WebPage\",\"@id\":\"https:\\\/\\\/www.cliniquedentaireconfident.com\\\/fr\\\/orthodontie\\\/\",\"url\":\"https:\\\/\\\/www.cliniquedentaireconfident.com\\\/fr\\\/orthodontie\\\/\",\"name\":\"Services d'orthodontie \u2013 Clinique Dentaire Confident\",\"isPartOf\":{\"@id\":\"https:\\\/\\\/www.cliniquedentaireconfident.com\\\/#website\"},\"datePublished\":\"2025-01-27T11:29:22+00:00\",\"dateModified\":\"2025-03-17T14:54:42+00:00\",\"description\":\"Obtenez un sourire parfait avec les services d'orthodontie \u00e0 la Clinique Dentaire Confident, comprenant des appareils dentaires et Invisalign pour tous les \u00e2ges.\",\"breadcrumb\":{\"@id\":\"https:\\\/\\\/www.cliniquedentaireconfident.com\\\/fr\\\/orthodontie\\\/#breadcrumb\"},\"inLanguage\":\"fr-FR\",\"potentialAction\":[{\"@type\":\"ReadAction\",\"target\":[\"https:\\\/\\\/www.cliniquedentaireconfident.com\\\/fr\\\/orthodontie\\\/\"]}]},{\"@type\":\"BreadcrumbList\",\"@id\":\"https:\\\/\\\/www.cliniquedentaireconfident.com\\\/fr\\\/orthodontie\\\/#breadcrumb\",\"itemListElement\":[{\"@type\":\"ListItem\",\"position\":1,\"name\":\"Home\",\"item\":\"https:\\\/\\\/www.cliniquedentaireconfident.com\\\/fr\\\/\"},{\"@type\":\"ListItem\",\"position\":2,\"name\":\"Orthodontie\"}]},{\"@type\":\"WebSite\",\"@id\":\"https:\\\/\\\/www.cliniquedentaireconfident.com\\\/#website\",\"url\":\"https:\\\/\\\/www.cliniquedentaireconfident.com\\\/\",\"name\":\"Clinique Dentaire Confident\",\"description\":\"\",\"publisher\":{\"@id\":\"https:\\\/\\\/www.cliniquedentaireconfident.com\\\/#organization\"},\"potentialAction\":[{\"@type\":\"SearchAction\",\"target\":{\"@type\":\"EntryPoint\",\"urlTemplate\":\"https:\\\/\\\/www.cliniquedentaireconfident.com\\\/?s={search_term_string}\"},\"query-input\":{\"@type\":\"PropertyValueSpecification\",\"valueRequired\":true,\"valueName\":\"search_term_string\"}}],\"inLanguage\":\"fr-FR\"},{\"@type\":\"Organization\",\"@id\":\"https:\\\/\\\/www.cliniquedentaireconfident.com\\\/#organization\",\"name\":\"Clinique Dentaire Confident\",\"url\":\"https:\\\/\\\/www.cliniquedentaireconfident.com\\\/\",\"logo\":{\"@type\":\"ImageObject\",\"inLanguage\":\"fr-FR\",\"@id\":\"https:\\\/\\\/www.cliniquedentaireconfident.com\\\/#\\\/schema\\\/logo\\\/image\\\/\",\"url\":\"https:\\\/\\\/www.cliniquedentaireconfident.com\\\/wp-content\\\/uploads\\\/2025\\\/02\\\/ConfiDent_Dental.svg\",\"contentUrl\":\"https:\\\/\\\/www.cliniquedentaireconfident.com\\\/wp-content\\\/uploads\\\/2025\\\/02\\\/ConfiDent_Dental.svg\",\"width\":839,\"height\":509,\"caption\":\"Clinique Dentaire Confident\"},\"image\":{\"@id\":\"https:\\\/\\\/www.cliniquedentaireconfident.com\\\/#\\\/schema\\\/logo\\\/image\\\/\"},\"sameAs\":[\"https:\\\/\\\/www.facebook.com\\\/profile.php?id=61551934724638\"]}]}<\/script>\n<!-- \/ Yoast SEO plugin. -->","yoast_head_json":{"title":"Services d'orthodontie \u2013 Clinique Dentaire Confident","description":"Obtenez un sourire parfait avec les services d'orthodontie \u00e0 la Clinique Dentaire Confident, comprenant des appareils dentaires et Invisalign pour tous les \u00e2ges.","robots":{"index":"index","follow":"follow","max-snippet":"max-snippet:-1","max-image-preview":"max-image-preview:large","max-video-preview":"max-video-preview:-1"},"canonical":"https:\/\/www.cliniquedentaireconfident.com\/fr\/orthodontie\/","og_locale":"fr_FR","og_type":"article","og_title":"Services d'orthodontie \u2013 Clinique Dentaire Confident","og_description":"Obtenez un sourire parfait avec les services d'orthodontie \u00e0 la Clinique Dentaire Confident, comprenant des appareils dentaires et Invisalign pour tous les \u00e2ges.","og_url":"https:\/\/www.cliniquedentaireconfident.com\/fr\/orthodontie\/","og_site_name":"Clinique Dentaire Confident","article_publisher":"https:\/\/www.facebook.com\/profile.php?id=61551934724638","article_modified_time":"2025-03-17T14:54:42+00:00","twitter_card":"summary_large_image","twitter_misc":{"Dur\u00e9e de lecture estim\u00e9e":"1 minute"},"schema":{"@context":"https:\/\/schema.org","@graph":[{"@type":"WebPage","@id":"https:\/\/www.cliniquedentaireconfident.com\/fr\/orthodontie\/","url":"https:\/\/www.cliniquedentaireconfident.com\/fr\/orthodontie\/","name":"Services d'orthodontie \u2013 Clinique Dentaire Confident","isPartOf":{"@id":"https:\/\/www.cliniquedentaireconfident.com\/#website"},"datePublished":"2025-01-27T11:29:22+00:00","dateModified":"2025-03-17T14:54:42+00:00","description":"Obtenez un sourire parfait avec les services d'orthodontie \u00e0 la Clinique Dentaire Confident, comprenant des appareils dentaires et Invisalign pour tous les \u00e2ges.","breadcrumb":{"@id":"https:\/\/www.cliniquedentaireconfident.com\/fr\/orthodontie\/#breadcrumb"},"inLanguage":"fr-FR","potentialAction":[{"@type":"ReadAction","target":["https:\/\/www.cliniquedentaireconfident.com\/fr\/orthodontie\/"]}]},{"@type":"BreadcrumbList","@id":"https:\/\/www.cliniquedentaireconfident.com\/fr\/orthodontie\/#breadcrumb","itemListElement":[{"@type":"ListItem","position":1,"name":"Home","item":"https:\/\/www.cliniquedentaireconfident.com\/fr\/"},{"@type":"ListItem","position":2,"name":"Orthodontie"}]},{"@type":"WebSite","@id":"https:\/\/www.cliniquedentaireconfident.com\/#website","url":"https:\/\/www.cliniquedentaireconfident.com\/","name":"Clinique Dentaire Confident","description":"","publisher":{"@id":"https:\/\/www.cliniquedentaireconfident.com\/#organization"},"potentialAction":[{"@type":"SearchAction","target":{"@type":"EntryPoint","urlTemplate":"https:\/\/www.cliniquedentaireconfident.com\/?s={search_term_string}"},"query-input":{"@type":"PropertyValueSpecification","valueRequired":true,"valueName":"search_term_string"}}],"inLanguage":"fr-FR"},{"@type":"Organization","@id":"https:\/\/www.cliniquedentaireconfident.com\/#organization","name":"Clinique Dentaire Confident","url":"https:\/\/www.cliniquedentaireconfident.com\/","logo":{"@type":"ImageObject","inLanguage":"fr-FR","@id":"https:\/\/www.cliniquedentaireconfident.com\/#\/schema\/logo\/image\/","url":"https:\/\/www.cliniquedentaireconfident.com\/wp-content\/uploads\/2025\/02\/ConfiDent_Dental.svg","contentUrl":"https:\/\/www.cliniquedentaireconfident.com\/wp-content\/uploads\/2025\/02\/ConfiDent_Dental.svg","width":839,"height":509,"caption":"Clinique Dentaire Confident"},"image":{"@id":"https:\/\/www.cliniquedentaireconfident.com\/#\/schema\/logo\/image\/"},"sameAs":["https:\/\/www.facebook.com\/profile.php?id=61551934724638"]}]}},"_links":{"self":[{"href":"https:\/\/www.cliniquedentaireconfident.com\/fr\/wp-json\/wp\/v2\/pages\/948","targetHints":{"allow":["GET"]}}],"collection":[{"href":"https:\/\/www.cliniquedentaireconfident.com\/fr\/wp-json\/wp\/v2\/pages"}],"about":[{"href":"https:\/\/www.cliniquedentaireconfident.com\/fr\/wp-json\/wp\/v2\/types\/page"}],"author":[{"embeddable":true,"href":"https:\/\/www.cliniquedentaireconfident.com\/fr\/wp-json\/wp\/v2\/users\/2"}],"replies":[{"embeddable":true,"href":"https:\/\/www.cliniquedentaireconfident.com\/fr\/wp-json\/wp\/v2\/comments?post=948"}],"version-history":[{"count":0,"href":"https:\/\/www.cliniquedentaireconfident.com\/fr\/wp-json\/wp\/v2\/pages\/948\/revisions"}],"wp:attachment":[{"href":"https:\/\/www.cliniquedentaireconfident.com\/fr\/wp-json\/wp\/v2\/media?parent=948"}],"curies":[{"name":"wp","href":"https:\/\/api.w.org\/{rel}","templated":true}]}}