{"id":980,"date":"2025-01-31T06:01:57","date_gmt":"2025-01-31T11:01:57","guid":{"rendered":"https:\/\/e7dba47da4.nxcli.io\/?page_id=980"},"modified":"2025-03-27T03:50:45","modified_gmt":"2025-03-27T07:50:45","slug":"nous-joindre","status":"publish","type":"page","link":"https:\/\/www.cliniquedentaireconfident.com\/fr\/nous-joindre\/","title":{"rendered":"Nous Joindre"},"content":{"rendered":"<div class=\"fusion-fullwidth fullwidth-box fusion-builder-row-1 fusion-flex-container has-pattern-background has-mask-background nonhundred-percent-fullwidth non-hundred-percent-height-scrolling fusion-animated\" style=\"--awb-border-radius-top-left:0px;--awb-border-radius-top-right:0px;--awb-border-radius-bottom-right:0px;--awb-border-radius-bottom-left:0px;--awb-padding-top:40px;--awb-padding-bottom:40px;--awb-flex-wrap:wrap;\" data-animationType=\"fadeInUp\" data-animationDuration=\"0.3\" data-animationOffset=\"top-into-view\" ><div class=\"fusion-builder-row fusion-row fusion-flex-align-items-flex-start fusion-flex-content-wrap\" style=\"max-width:1216.8px;margin-left: calc(-4% \/ 2 );margin-right: calc(-4% \/ 2 );\"><div class=\"fusion-layout-column fusion_builder_column fusion-builder-column-0 fusion_builder_column_1_2 1_2 fusion-flex-column\" style=\"--awb-bg-blend:overlay;--awb-bg-size:cover;--awb-width-large:50%;--awb-margin-top-large:0px;--awb-spacing-right-large:3.84%;--awb-margin-bottom-large:0px;--awb-spacing-left-large:3.84%;--awb-width-medium:50%;--awb-spacing-right-medium:3.84%;--awb-spacing-left-medium:3.84%;--awb-width-small:100%;--awb-spacing-right-small:1.92%;--awb-spacing-left-small:1.92%;\"><div class=\"fusion-column-wrapper fusion-flex-justify-content-flex-start fusion-content-layout-column\"><div class=\"fusion-text fusion-text-1\"><h3>Commodit\u00e9s<\/h3>\n<p>\u2013 Stationnement gratuit<\/p>\n<h4>Coordonn\u00e9es<\/h4>\n<p><strong>Notre \u00e9quipe se fera un plaisir de vous r\u00e9pondre<\/strong><br \/>\nPar t\u00e9l\u00e9phone et par texto: <a href=\"tel:5144192909\">(514) 419-2909<\/a><br \/>\nPar courriel: <a class=\"linku\" href=\"mailto:info@cliniquedentairemountainview.com\">info@cliniquedentaireconfident.com<\/a><\/p>\n<\/div><div class=\"fusion-text workinghours\"><h4>Heures d\u2019ouverture<\/h4><div class=\"dt-working-hours\"><ul><li><strong>Lundi<\/strong><span>Ferm\u00e9<\/span><\/li><li><strong>Mardi<\/strong><span>9:00-19:30<\/span><\/li><li><strong>Mercredi<\/strong><span>9:30-19:30<\/span><\/li><li><strong>Jeudi<\/strong><span>Ferm\u00e9<\/span><\/li><li><strong>Vendredi<\/strong><span>Ferm\u00e9<\/span><\/li><li><strong>Samedi<\/strong><span>9:30-17:00<\/span><\/li><li><strong>Dimanche<\/strong><span>Ferm\u00e9<\/span><\/li><\/ul><\/div><\/div><div class=\"fusion-text fusion-text-2\"><h4>Adresse<\/h4>\n<p>4990 rue de Salaberry, Montreal, Qc. H4J2P1<\/p>\n<\/div><div ><a class=\"fusion-button button-flat fusion-button-default-size button-custom fusion-button-default button-1 fusion-button-default-span fusion-button-default-type\" style=\"--button_accent_color:var(--awb-color1);--button_accent_hover_color:var(--awb-color1);--button_border_hover_color:var(--awb-color1);--button_gradient_top_color:var(--awb-color3);--button_gradient_bottom_color:var(--awb-color3);--button_gradient_top_color_hover:hsla(var(--awb-color5-h),calc(var(--awb-color5-s) - 5%),calc(var(--awb-color5-l) - 10%),var(--awb-color5-a));--button_gradient_bottom_color_hover:hsla(var(--awb-color5-h),calc(var(--awb-color5-s) - 5%),calc(var(--awb-color5-l) - 10%),var(--awb-color5-a));\" target=\"_blank\" rel=\"noopener noreferrer\" title=\"Get Directions\" aria-label=\"Get Directions\" href=\"https:\/\/www.google.com\/maps\/place\/4990+Rue+de+Salaberry,+Montr%C3%A9al,+QC+H4J+2P1,+Canada\/@45.5323955,-73.7064677,17z\/data=!3m1!4b1!4m6!3m5!1s0x4cc9228643dc140d:0x428aec899812d6fb!8m2!3d45.5323955!4d-73.7064677!16s%2Fg%2F11bw4bdb70?entry=ttu&amp;g_ep=EgoyMDI1MDMxNy4wIKXMDSoASAFQAw%3D%3D\"><span class=\"fusion-button-text\">Get Directions<\/span><\/a><\/div><\/div><\/div><div class=\"fusion-layout-column fusion_builder_column fusion-builder-column-1 fusion_builder_column_1_2 1_2 fusion-flex-column\" style=\"--awb-bg-blend:overlay;--awb-bg-size:cover;--awb-width-large:50%;--awb-margin-top-large:0px;--awb-spacing-right-large:3.84%;--awb-margin-bottom-large:0px;--awb-spacing-left-large:3.84%;--awb-width-medium:50%;--awb-spacing-right-medium:3.84%;--awb-spacing-left-medium:3.84%;--awb-width-small:100%;--awb-spacing-right-small:1.92%;--awb-spacing-left-small:1.92%;\"><div class=\"fusion-column-wrapper fusion-flex-justify-content-flex-start fusion-content-layout-column\"><div class=\"fusion-text fusion-text-3\"><h3 style=\"text-align: center;\">Ajoutez notre clinique \u00e0 vos contacts!<\/h3>\n<p style=\"text-align: center;\">Vous n&rsquo;avez qu&rsquo;\u00e0 balayer le code QR suivant \u00e0 l&rsquo;aide de votre t\u00e9l\u00e9phone mobile afin d&rsquo;enregistrer notre fiche de contact dans votre t\u00e9l\u00e9phone.<\/p>\n<\/div><div class=\"fusion-image-element \" style=\"text-align:center;--awb-max-width:331px;--awb-caption-title-font-family:var(--h2_typography-font-family);--awb-caption-title-font-weight:var(--h2_typography-font-weight);--awb-caption-title-font-style:var(--h2_typography-font-style);--awb-caption-title-size:var(--h2_typography-font-size);--awb-caption-title-transform:var(--h2_typography-text-transform);--awb-caption-title-line-height:var(--h2_typography-line-height);--awb-caption-title-letter-spacing:var(--h2_typography-letter-spacing);\"><span class=\" fusion-imageframe imageframe-none imageframe-1 hover-type-none\"><img decoding=\"async\" width=\"864\" height=\"864\" alt=\"Simply scan the following QR code with your cell phone to save our contact form in your phone.\" title=\"Add our clinic to your contacts\" src=\"https:\/\/www.cliniquedentaireconfident.com\/wp-content\/uploads\/2025\/01\/Clinique_dentaire_Mountain_View.png\" class=\"img-responsive wp-image-639\" srcset=\"https:\/\/www.cliniquedentaireconfident.com\/wp-content\/uploads\/2025\/01\/Clinique_dentaire_Mountain_View-200x200.png 200w, https:\/\/www.cliniquedentaireconfident.com\/wp-content\/uploads\/2025\/01\/Clinique_dentaire_Mountain_View-400x400.png 400w, https:\/\/www.cliniquedentaireconfident.com\/wp-content\/uploads\/2025\/01\/Clinique_dentaire_Mountain_View-600x600.png 600w, https:\/\/www.cliniquedentaireconfident.com\/wp-content\/uploads\/2025\/01\/Clinique_dentaire_Mountain_View-800x800.png 800w, https:\/\/www.cliniquedentaireconfident.com\/wp-content\/uploads\/2025\/01\/Clinique_dentaire_Mountain_View.png 864w\" sizes=\"(max-width: 900px) 100vw, 600px\" \/><\/span><\/div><\/div><\/div><\/div><\/div>\n","protected":false},"excerpt":{"rendered":"","protected":false},"author":2,"featured_media":0,"parent":0,"menu_order":0,"comment_status":"closed","ping_status":"closed","template":"100-width.php","meta":{"footnotes":""},"class_list":["post-980","page","type-page","status-publish","hentry"],"yoast_head":"<!-- This site is optimized with the Yoast SEO plugin v27.4 - https:\/\/yoast.com\/product\/yoast-seo-wordpress\/ -->\n<title>Contactez-nous pour des soins dentaires \u2013 Clinique Dentaire Confident<\/title>\n<meta name=\"description\" content=\"Prenez contact avec la Clinique Dentaire Confident pour des soins dentaires experts. Contactez-nous d\u00e8s aujourd&#039;hui pour prendre rendez-vous et obtenir un sourire confiant.\" \/>\n<meta name=\"robots\" content=\"index, follow, max-snippet:-1, max-image-preview:large, max-video-preview:-1\" \/>\n<link rel=\"canonical\" href=\"https:\/\/www.cliniquedentaireconfident.com\/fr\/nous-joindre\/\" \/>\n<meta property=\"og:locale\" content=\"fr_FR\" \/>\n<meta property=\"og:type\" content=\"article\" \/>\n<meta property=\"og:title\" content=\"Contactez-nous pour des soins dentaires \u2013 Clinique Dentaire Confident\" \/>\n<meta property=\"og:description\" content=\"Prenez contact avec la Clinique Dentaire Confident pour des soins dentaires experts. Contactez-nous d\u00e8s aujourd&#039;hui pour prendre rendez-vous et obtenir un sourire confiant.\" \/>\n<meta property=\"og:url\" content=\"https:\/\/www.cliniquedentaireconfident.com\/fr\/nous-joindre\/\" \/>\n<meta property=\"og:site_name\" content=\"Clinique Dentaire Confident\" \/>\n<meta property=\"article:publisher\" content=\"https:\/\/www.facebook.com\/profile.php?id=61551934724638\" \/>\n<meta property=\"article:modified_time\" content=\"2025-03-27T07:50:45+00:00\" \/>\n<meta name=\"twitter:card\" content=\"summary_large_image\" \/>\n<meta name=\"twitter:label1\" content=\"Dur\u00e9e de lecture estim\u00e9e\" \/>\n\t<meta name=\"twitter:data1\" content=\"1 minute\" \/>\n<script type=\"application\/ld+json\" class=\"yoast-schema-graph\">{\"@context\":\"https:\\\/\\\/schema.org\",\"@graph\":[{\"@type\":\"WebPage\",\"@id\":\"https:\\\/\\\/www.cliniquedentaireconfident.com\\\/fr\\\/nous-joindre\\\/\",\"url\":\"https:\\\/\\\/www.cliniquedentaireconfident.com\\\/fr\\\/nous-joindre\\\/\",\"name\":\"Contactez-nous pour des soins dentaires \u2013 Clinique Dentaire Confident\",\"isPartOf\":{\"@id\":\"https:\\\/\\\/www.cliniquedentaireconfident.com\\\/#website\"},\"datePublished\":\"2025-01-31T11:01:57+00:00\",\"dateModified\":\"2025-03-27T07:50:45+00:00\",\"description\":\"Prenez contact avec la Clinique Dentaire Confident pour des soins dentaires experts. Contactez-nous d\u00e8s aujourd'hui pour prendre rendez-vous et obtenir un sourire confiant.\",\"breadcrumb\":{\"@id\":\"https:\\\/\\\/www.cliniquedentaireconfident.com\\\/fr\\\/nous-joindre\\\/#breadcrumb\"},\"inLanguage\":\"fr-FR\",\"potentialAction\":[{\"@type\":\"ReadAction\",\"target\":[\"https:\\\/\\\/www.cliniquedentaireconfident.com\\\/fr\\\/nous-joindre\\\/\"]}]},{\"@type\":\"BreadcrumbList\",\"@id\":\"https:\\\/\\\/www.cliniquedentaireconfident.com\\\/fr\\\/nous-joindre\\\/#breadcrumb\",\"itemListElement\":[{\"@type\":\"ListItem\",\"position\":1,\"name\":\"Home\",\"item\":\"https:\\\/\\\/www.cliniquedentaireconfident.com\\\/fr\\\/\"},{\"@type\":\"ListItem\",\"position\":2,\"name\":\"Nous Joindre\"}]},{\"@type\":\"WebSite\",\"@id\":\"https:\\\/\\\/www.cliniquedentaireconfident.com\\\/#website\",\"url\":\"https:\\\/\\\/www.cliniquedentaireconfident.com\\\/\",\"name\":\"Clinique Dentaire Confident\",\"description\":\"\",\"publisher\":{\"@id\":\"https:\\\/\\\/www.cliniquedentaireconfident.com\\\/#organization\"},\"potentialAction\":[{\"@type\":\"SearchAction\",\"target\":{\"@type\":\"EntryPoint\",\"urlTemplate\":\"https:\\\/\\\/www.cliniquedentaireconfident.com\\\/?s={search_term_string}\"},\"query-input\":{\"@type\":\"PropertyValueSpecification\",\"valueRequired\":true,\"valueName\":\"search_term_string\"}}],\"inLanguage\":\"fr-FR\"},{\"@type\":\"Organization\",\"@id\":\"https:\\\/\\\/www.cliniquedentaireconfident.com\\\/#organization\",\"name\":\"Clinique Dentaire Confident\",\"url\":\"https:\\\/\\\/www.cliniquedentaireconfident.com\\\/\",\"logo\":{\"@type\":\"ImageObject\",\"inLanguage\":\"fr-FR\",\"@id\":\"https:\\\/\\\/www.cliniquedentaireconfident.com\\\/#\\\/schema\\\/logo\\\/image\\\/\",\"url\":\"https:\\\/\\\/www.cliniquedentaireconfident.com\\\/wp-content\\\/uploads\\\/2025\\\/02\\\/ConfiDent_Dental.svg\",\"contentUrl\":\"https:\\\/\\\/www.cliniquedentaireconfident.com\\\/wp-content\\\/uploads\\\/2025\\\/02\\\/ConfiDent_Dental.svg\",\"width\":839,\"height\":509,\"caption\":\"Clinique Dentaire Confident\"},\"image\":{\"@id\":\"https:\\\/\\\/www.cliniquedentaireconfident.com\\\/#\\\/schema\\\/logo\\\/image\\\/\"},\"sameAs\":[\"https:\\\/\\\/www.facebook.com\\\/profile.php?id=61551934724638\"]}]}<\/script>\n<!-- \/ Yoast SEO plugin. -->","yoast_head_json":{"title":"Contactez-nous pour des soins dentaires \u2013 Clinique Dentaire Confident","description":"Prenez contact avec la Clinique Dentaire Confident pour des soins dentaires experts. Contactez-nous d\u00e8s aujourd'hui pour prendre rendez-vous et obtenir un sourire confiant.","robots":{"index":"index","follow":"follow","max-snippet":"max-snippet:-1","max-image-preview":"max-image-preview:large","max-video-preview":"max-video-preview:-1"},"canonical":"https:\/\/www.cliniquedentaireconfident.com\/fr\/nous-joindre\/","og_locale":"fr_FR","og_type":"article","og_title":"Contactez-nous pour des soins dentaires \u2013 Clinique Dentaire Confident","og_description":"Prenez contact avec la Clinique Dentaire Confident pour des soins dentaires experts. Contactez-nous d\u00e8s aujourd'hui pour prendre rendez-vous et obtenir un sourire confiant.","og_url":"https:\/\/www.cliniquedentaireconfident.com\/fr\/nous-joindre\/","og_site_name":"Clinique Dentaire Confident","article_publisher":"https:\/\/www.facebook.com\/profile.php?id=61551934724638","article_modified_time":"2025-03-27T07:50:45+00:00","twitter_card":"summary_large_image","twitter_misc":{"Dur\u00e9e de lecture estim\u00e9e":"1 minute"},"schema":{"@context":"https:\/\/schema.org","@graph":[{"@type":"WebPage","@id":"https:\/\/www.cliniquedentaireconfident.com\/fr\/nous-joindre\/","url":"https:\/\/www.cliniquedentaireconfident.com\/fr\/nous-joindre\/","name":"Contactez-nous pour des soins dentaires \u2013 Clinique Dentaire Confident","isPartOf":{"@id":"https:\/\/www.cliniquedentaireconfident.com\/#website"},"datePublished":"2025-01-31T11:01:57+00:00","dateModified":"2025-03-27T07:50:45+00:00","description":"Prenez contact avec la Clinique Dentaire Confident pour des soins dentaires experts. Contactez-nous d\u00e8s aujourd'hui pour prendre rendez-vous et obtenir un sourire confiant.","breadcrumb":{"@id":"https:\/\/www.cliniquedentaireconfident.com\/fr\/nous-joindre\/#breadcrumb"},"inLanguage":"fr-FR","potentialAction":[{"@type":"ReadAction","target":["https:\/\/www.cliniquedentaireconfident.com\/fr\/nous-joindre\/"]}]},{"@type":"BreadcrumbList","@id":"https:\/\/www.cliniquedentaireconfident.com\/fr\/nous-joindre\/#breadcrumb","itemListElement":[{"@type":"ListItem","position":1,"name":"Home","item":"https:\/\/www.cliniquedentaireconfident.com\/fr\/"},{"@type":"ListItem","position":2,"name":"Nous Joindre"}]},{"@type":"WebSite","@id":"https:\/\/www.cliniquedentaireconfident.com\/#website","url":"https:\/\/www.cliniquedentaireconfident.com\/","name":"Clinique Dentaire Confident","description":"","publisher":{"@id":"https:\/\/www.cliniquedentaireconfident.com\/#organization"},"potentialAction":[{"@type":"SearchAction","target":{"@type":"EntryPoint","urlTemplate":"https:\/\/www.cliniquedentaireconfident.com\/?s={search_term_string}"},"query-input":{"@type":"PropertyValueSpecification","valueRequired":true,"valueName":"search_term_string"}}],"inLanguage":"fr-FR"},{"@type":"Organization","@id":"https:\/\/www.cliniquedentaireconfident.com\/#organization","name":"Clinique Dentaire Confident","url":"https:\/\/www.cliniquedentaireconfident.com\/","logo":{"@type":"ImageObject","inLanguage":"fr-FR","@id":"https:\/\/www.cliniquedentaireconfident.com\/#\/schema\/logo\/image\/","url":"https:\/\/www.cliniquedentaireconfident.com\/wp-content\/uploads\/2025\/02\/ConfiDent_Dental.svg","contentUrl":"https:\/\/www.cliniquedentaireconfident.com\/wp-content\/uploads\/2025\/02\/ConfiDent_Dental.svg","width":839,"height":509,"caption":"Clinique Dentaire Confident"},"image":{"@id":"https:\/\/www.cliniquedentaireconfident.com\/#\/schema\/logo\/image\/"},"sameAs":["https:\/\/www.facebook.com\/profile.php?id=61551934724638"]}]}},"_links":{"self":[{"href":"https:\/\/www.cliniquedentaireconfident.com\/fr\/wp-json\/wp\/v2\/pages\/980","targetHints":{"allow":["GET"]}}],"collection":[{"href":"https:\/\/www.cliniquedentaireconfident.com\/fr\/wp-json\/wp\/v2\/pages"}],"about":[{"href":"https:\/\/www.cliniquedentaireconfident.com\/fr\/wp-json\/wp\/v2\/types\/page"}],"author":[{"embeddable":true,"href":"https:\/\/www.cliniquedentaireconfident.com\/fr\/wp-json\/wp\/v2\/users\/2"}],"replies":[{"embeddable":true,"href":"https:\/\/www.cliniquedentaireconfident.com\/fr\/wp-json\/wp\/v2\/comments?post=980"}],"version-history":[{"count":0,"href":"https:\/\/www.cliniquedentaireconfident.com\/fr\/wp-json\/wp\/v2\/pages\/980\/revisions"}],"wp:attachment":[{"href":"https:\/\/www.cliniquedentaireconfident.com\/fr\/wp-json\/wp\/v2\/media?parent=980"}],"curies":[{"name":"wp","href":"https:\/\/api.w.org\/{rel}","templated":true}]}}